{"id":4502,"date":"2022-03-31T12:00:05","date_gmt":"2022-03-31T12:00:05","guid":{"rendered":"https:\/\/www.mutualitats.cat\/formacion\/formacio-continua-per-a-juntes-directives-directius-i-persones-integrants-del-sistema-de-govern\/"},"modified":"2023-03-24T12:06:26","modified_gmt":"2023-03-24T12:06:26","slug":"formacio-continua-per-a-juntes-directives-directius-i-persones-integrants-del-sistema-de-govern","status":"publish","type":"page","link":"https:\/\/www.mutualitats.cat\/es\/formacion\/formacio-continua-per-a-juntes-directives-directius-i-persones-integrants-del-sistema-de-govern\/","title":{"rendered":"Formaci\u00f3n continua para juntas directivas, directivos y personas integrantes del sistema de gobierno"},"content":{"rendered":"\n<style type=\"text\/css\" data-created_by=\"avia_inline_auto\" id=\"style-css-av-kgs59v7c-157e880f73b14a2db5cdf0420ed7af47\">\n.avia-image-container.av-kgs59v7c-157e880f73b14a2db5cdf0420ed7af47 img.avia_image{\nbox-shadow:none;\n}\n.avia-image-container.av-kgs59v7c-157e880f73b14a2db5cdf0420ed7af47 .av-image-caption-overlay-center{\ncolor:#ffffff;\n}\n<\/style>\n<div  class='avia-image-container av-kgs59v7c-157e880f73b14a2db5cdf0420ed7af47 av-styling- avia-align-center  avia-builder-el-0  el_before_av_section  avia-builder-el-no-sibling '   itemprop=\"image\" itemscope=\"itemscope\" itemtype=\"https:\/\/schema.org\/ImageObject\" ><div class=\"avia-image-container-inner\"><div class=\"avia-image-overlay-wrap\"><img decoding=\"async\" fetchpriority=\"high\" class='wp-image-3892 avia-img-lazy-loading-not-3892 avia_image ' src=\"https:\/\/www.mutualitats.cat\/wp-content\/uploads\/2022\/03\/serveis-header-3.jpg\" alt='' title='serveis-header-3'  height=\"477\" width=\"1402\"  itemprop=\"thumbnailUrl\" srcset=\"https:\/\/www.mutualitats.cat\/wp-content\/uploads\/2022\/03\/serveis-header-3.jpg 1402w, https:\/\/www.mutualitats.cat\/wp-content\/uploads\/2022\/03\/serveis-header-3-300x102.jpg 300w, https:\/\/www.mutualitats.cat\/wp-content\/uploads\/2022\/03\/serveis-header-3-1030x350.jpg 1030w, https:\/\/www.mutualitats.cat\/wp-content\/uploads\/2022\/03\/serveis-header-3-768x261.jpg 768w, https:\/\/www.mutualitats.cat\/wp-content\/uploads\/2022\/03\/serveis-header-3-705x240.jpg 705w\" sizes=\"(max-width: 1402px) 100vw, 1402px\" \/><\/div><\/div><\/div>\n<\/div><\/div><\/div><!-- close content main div --><\/div><\/div>\n<style type=\"text\/css\" data-created_by=\"avia_inline_auto\" id=\"style-css-av-kh664n12-e70e2748aed5af7fca8285e27fc5def3\">\n.avia-section.av-kh664n12-e70e2748aed5af7fca8285e27fc5def3{\nmargin-top:-200px;\nmargin-bottom:-100px;\n}\n<\/style>\n<div id='av_section_1'  class='avia-section av-kh664n12-e70e2748aed5af7fca8285e27fc5def3 main_color avia-section-default avia-no-border-styling  avia-builder-el-1  el_after_av_image  el_before_av_section  avia-bg-style-scroll container_wrap fullsize'  ><div class='container av-section-cont-open' ><div class='template-page content  av-content-full alpha units'><div class='post-entry post-entry-type-page post-entry-4502'><div class='entry-content-wrapper clearfix'>\n\n<style type=\"text\/css\" data-created_by=\"avia_inline_auto\" id=\"style-css-av-260wp5-2f53774853b3a40238294c12a1438655\">\n.flex_column.av-260wp5-2f53774853b3a40238294c12a1438655{\nborder-radius:0px 0px 0px 0px;\npadding:0px 0px 0px 0px;\n}\n<\/style>\n<div  class='flex_column av-260wp5-2f53774853b3a40238294c12a1438655 av_one_fifth  avia-builder-el-2  el_before_av_three_fifth  avia-builder-el-first  first flex_column_div av-zero-column-padding  '     ><\/div>\n<style type=\"text\/css\" data-created_by=\"avia_inline_auto\" id=\"style-css-av-4kfrft-18a17f11376bc83ab3c3ff37772ff7ad\">\n.flex_column.av-4kfrft-18a17f11376bc83ab3c3ff37772ff7ad{\nborder-radius:0px 0px 0px 0px;\npadding:20px 40px 20px 40px;\nbackground-color:#ffffff;\n}\n<\/style>\n<div  class='flex_column av-4kfrft-18a17f11376bc83ab3c3ff37772ff7ad av_three_fifth  avia-builder-el-3  el_after_av_one_fifth  el_before_av_one_fifth  flex_column_div  '     ><style type=\"text\/css\" data-created_by=\"avia_inline_auto\" id=\"style-css-av-kgs48dvk-a46dc9fe98dde9d0015cecd6cead819b\">\n#top .av_textblock_section.av-kgs48dvk-a46dc9fe98dde9d0015cecd6cead819b .avia_textblock{\ncolor:#1e4456;\n}\n<\/style>\n<section  class='av_textblock_section av-kgs48dvk-a46dc9fe98dde9d0015cecd6cead819b '   itemscope=\"itemscope\" itemtype=\"https:\/\/schema.org\/CreativeWork\" ><div class='avia_textblock titular-qui-som av_inherit_color'  itemprop=\"text\" ><p style=\"text-align: center; font-weight: 600; font-size: 20px;\">FORMACI\u00d3N CONTINUA PARA JUNTAS DIRECTIVAS, DIRECTIVOS Y PERSONAS INTEGRANTES DEL SISTEMA DE GOBIERNO.<\/p>\n<p style=\"text-align: center;\"><span style=\"color: #dc5100;\">Programa de 10 cursos | Duraci\u00f3n 60 minutos<\/span><\/p>\n<\/div><\/section><\/div>\n<style type=\"text\/css\" data-created_by=\"avia_inline_auto\" id=\"style-css-av-6g8lt5-8f9b188f62550d874a6aeabe98242fc4\">\n.flex_column.av-6g8lt5-8f9b188f62550d874a6aeabe98242fc4{\nborder-radius:0px 0px 0px 0px;\npadding:0px 0px 0px 0px;\n}\n<\/style>\n<div  class='flex_column av-6g8lt5-8f9b188f62550d874a6aeabe98242fc4 av_one_fifth  avia-builder-el-5  el_after_av_three_fifth  avia-builder-el-last  flex_column_div av-zero-column-padding  '     ><\/div><\/div><\/div><\/div><!-- close content main div --><\/div><\/div><div id='av_section_2'  class='avia-section av-l1eytsiy-0aa2c889ae69af53ecdf299bd5dad409 main_color avia-section-default avia-no-border-styling  avia-builder-el-6  el_after_av_section  el_before_av_hr  columna-gran avia-bg-style-scroll container_wrap fullsize'  ><div class='container av-section-cont-open' ><div class='template-page content  av-content-full alpha units'><div class='post-entry post-entry-type-page post-entry-4502'><div class='entry-content-wrapper clearfix'>\n\n<style type=\"text\/css\" data-created_by=\"avia_inline_auto\" id=\"style-css-av-l1ey6w2c-68b99620b2fae37e1bf318e4c7b057ac\">\n.flex_column.av-l1ey6w2c-68b99620b2fae37e1bf318e4c7b057ac{\nborder-radius:0px 0px 0px 0px;\npadding:0px 3% 0px 8%;\n}\n<\/style>\n<div  class='flex_column av-l1ey6w2c-68b99620b2fae37e1bf318e4c7b057ac av_two_fifth  avia-builder-el-7  el_before_av_three_fifth  avia-builder-el-first  first no_margin flex_column_div  '     ><style type=\"text\/css\" data-created_by=\"avia_inline_auto\" id=\"style-css-av-kgs3p0ji-6a297063795d426d7ce9d4a10dabe2e5\">\n#top .av_textblock_section.av-kgs3p0ji-6a297063795d426d7ce9d4a10dabe2e5 .avia_textblock{\nfont-size:19px;\ncolor:#1e4456;\n}\n<\/style>\n<section  class='av_textblock_section av-kgs3p0ji-6a297063795d426d7ce9d4a10dabe2e5 '   itemscope=\"itemscope\" itemtype=\"https:\/\/schema.org\/CreativeWork\" ><div class='avia_textblock av_inherit_color'  itemprop=\"text\" ><p style=\"text-align: right; font-weight: 400;\">Se podr\u00e1 impartir en la sede de las mutualidades federadas o mediante webinar exclusivo. Adaptable a horarios propuestos por las mutualidades interesadas.<\/p>\n<\/div><\/section><br \/>\n\n<style type=\"text\/css\" data-created_by=\"avia_inline_auto\" id=\"style-css-av-l1eyfjvx-b19dd485bf35eb4d08c60b108e134839\">\n#top .hr.hr-invisible.av-l1eyfjvx-b19dd485bf35eb4d08c60b108e134839{\nheight:15px;\n}\n<\/style>\n<div  class='hr av-l1eyfjvx-b19dd485bf35eb4d08c60b108e134839 hr-invisible  avia-builder-el-9  el_after_av_textblock  el_before_av_button '><span class='hr-inner '><span class=\"hr-inner-style\"><\/span><\/span><\/div><br \/>\n<div  class='avia-button-wrap av-l1ey8xic-25b4a484d65fdb4bfb35b48a921cf45d-wrap avia-button-right  avia-builder-el-10  el_after_av_hr  el_before_av_hr '>\n<style type=\"text\/css\" data-created_by=\"avia_inline_auto\" id=\"style-css-av-l1ey8xic-25b4a484d65fdb4bfb35b48a921cf45d\">\n#top #wrap_all .avia-button.av-l1ey8xic-25b4a484d65fdb4bfb35b48a921cf45d{\nbackground-color:#dc5100;\nborder-color:#dc5100;\ncolor:#ffffff;\ntransition:all 0.4s ease-in-out;\n}\n#top #wrap_all .avia-button.av-l1ey8xic-25b4a484d65fdb4bfb35b48a921cf45d .avia-svg-icon svg:first-child{\nfill:#ffffff;\nstroke:#ffffff;\n}\n<\/style>\n<a href='#contacta'  class='avia-button av-l1ey8xic-25b4a484d65fdb4bfb35b48a921cf45d av-link-btn avia-icon_select-no avia-size-large avia-position-right'  target=\"_blank\"  rel=\"noopener noreferrer\"  aria-label=\"SOLICITAR FORMACI\u00d3N\"><span class='avia_iconbox_title' >SOLICITAR FORMACI\u00d3N<\/span><\/a><\/div><br \/>\n\n<style type=\"text\/css\" data-created_by=\"avia_inline_auto\" id=\"style-css-av-l1eyfjvx-6c426b3fde78e7bcabcb46878afb948f\">\n#top .hr.hr-invisible.av-l1eyfjvx-6c426b3fde78e7bcabcb46878afb948f{\nheight:35px;\n}\n<\/style>\n<div  class='hr av-l1eyfjvx-6c426b3fde78e7bcabcb46878afb948f hr-invisible  avia-builder-el-11  el_after_av_button  el_before_av_textblock '><span class='hr-inner '><span class=\"hr-inner-style\"><\/span><\/span><\/div><br \/>\n\n<style type=\"text\/css\" data-created_by=\"avia_inline_auto\" id=\"style-css-av-kgs3p0ji-0617f89143fef96177d72d31cc974a89\">\n#top .av_textblock_section.av-kgs3p0ji-0617f89143fef96177d72d31cc974a89 .avia_textblock{\nfont-size:16px;\ncolor:#1e4456;\n}\n<\/style>\n<section  class='av_textblock_section av-kgs3p0ji-0617f89143fef96177d72d31cc974a89 '   itemscope=\"itemscope\" itemtype=\"https:\/\/schema.org\/CreativeWork\" ><div class='avia_textblock quadre-formacio av_inherit_color'  itemprop=\"text\" ><p style=\"text-align: right;\"><span style=\"color: #fff; text-align: right;\">NOTA: las mutualidades pueden proponer un curso a medida para tratar aquellas materias en el \u00e1mbito regulatorio que puedan ser de su inter\u00e9s.<\/span><\/p>\n<\/div><\/section><\/p><\/div>\n<style type=\"text\/css\" data-created_by=\"avia_inline_auto\" id=\"style-css-av-l1ey6w2c-1a9aa294b7d3f365d4b46f5611f4bcdf\">\n.flex_column.av-l1ey6w2c-1a9aa294b7d3f365d4b46f5611f4bcdf{\nborder-radius:0px 0px 0px 0px;\npadding:0px 0px 0px 0px;\n}\n<\/style>\n<div  class='flex_column av-l1ey6w2c-1a9aa294b7d3f365d4b46f5611f4bcdf av_three_fifth  avia-builder-el-13  el_after_av_two_fifth  avia-builder-el-last  columna-esquerra no_margin flex_column_div av-zero-column-padding  '     ><style type=\"text\/css\" data-created_by=\"avia_inline_auto\" id=\"style-css-av-kgs3p0ji-18ce709d9d4ff3e9aae4386960b451f9\">\n#top .av_textblock_section.av-kgs3p0ji-18ce709d9d4ff3e9aae4386960b451f9 .avia_textblock{\nfont-size:16px;\ncolor:#1e4456;\n}\n<\/style>\n<section  class='av_textblock_section av-kgs3p0ji-18ce709d9d4ff3e9aae4386960b451f9 '   itemscope=\"itemscope\" itemtype=\"https:\/\/schema.org\/CreativeWork\" ><div class='avia_textblock av_inherit_color'  itemprop=\"text\" ><p style=\"text-align: left;\">1. Introducci\u00f3n a Solvencia II<\/p>\n<p style=\"text-align: left;\">2. Las funciones fundamentales de Solvencia II: gesti\u00f3n de riesgos.<\/p>\n<p>3. Las funciones fundamentales de Solvencia II: funci\u00f3n actuarial.<\/p>\n<p>4. Las funciones fundamentales de Solvencia II: verificaci\u00f3n del cumplimiento.<\/p>\n<p>5. Las funciones fundamentales de Solvencia II: auditor\u00eda interna.<\/p>\n<p>6. Comisi\u00f3n de control y Comisi\u00f3n de auditor\u00eda.<\/p>\n<p>7. Introducci\u00f3n al contrato de seguro<\/p>\n<p>8. Introducci\u00f3n al Reglamento europeo y la nueva ley espa\u00f1ola de protecci\u00f3n de datos.<\/p>\n<p>9. Introducci\u00f3n al sistema de prevenci\u00f3n de delitos.<\/p>\n<p>10. Ley de distribuci\u00f3n de seguros para las mutualidades de previsi\u00f3n social.<\/p>\n<\/div><\/section><\/div><\/div><\/div><\/div><!-- close content main div --><\/div><\/div><div id='after_section_2'  class='main_color av_default_container_wrap container_wrap fullsize'  ><div class='container av-section-cont-open' ><div class='template-page content  av-content-full alpha units'><div class='post-entry post-entry-type-page post-entry-4502'><div class='entry-content-wrapper clearfix'>\n<style type=\"text\/css\" data-created_by=\"avia_inline_auto\" id=\"style-css-av-l1ewwnym-f9666ff89d78dba1d7de9e568c9765d0\">\n#top .hr.hr-invisible.av-l1ewwnym-f9666ff89d78dba1d7de9e568c9765d0{\nheight:25px;\n}\n<\/style>\n<div  class='hr av-l1ewwnym-f9666ff89d78dba1d7de9e568c9765d0 hr-invisible  avia-builder-el-15  el_after_av_section  el_before_av_one_fourth  avia-builder-el-first '><span class='hr-inner '><span class=\"hr-inner-style\"><\/span><\/span><\/div><\/p>\n\n<style type=\"text\/css\" data-created_by=\"avia_inline_auto\" id=\"style-css-av-28tuzu-047db42fb76f7f558b1609630aa58b9a\">\n.flex_column.av-28tuzu-047db42fb76f7f558b1609630aa58b9a{\nborder-radius:0px 0px 0px 0px;\npadding:0px 0px 0px 0px;\n}\n<\/style>\n<div  id=\"contacta\"  class='flex_column av-28tuzu-047db42fb76f7f558b1609630aa58b9a av_one_fourth  avia-builder-el-16  el_after_av_hr  el_before_av_one_half  first flex_column_div av-zero-column-padding  '     ><\/div>\n\n<style type=\"text\/css\" data-created_by=\"avia_inline_auto\" id=\"style-css-av-28tuzu-30fcc390e47ad2cffb4003a6f56a5190\">\n.flex_column.av-28tuzu-30fcc390e47ad2cffb4003a6f56a5190{\nborder-radius:0px 0px 0px 0px;\npadding:0px 0px 0px 0px;\n}\n<\/style>\n<div  class='flex_column av-28tuzu-30fcc390e47ad2cffb4003a6f56a5190 av_one_half  avia-builder-el-17  el_after_av_one_fourth  el_before_av_one_fourth  flex_column_div av-zero-column-padding  '     ><p>\n<style type=\"text\/css\" data-created_by=\"avia_inline_auto\" id=\"style-css-av-lfi9t7a6-5715b74596eea75f606332640ebdda97\">\n#top .av-special-heading.av-lfi9t7a6-5715b74596eea75f606332640ebdda97{\npadding-bottom:10px;\ncolor:#e05100;\n}\nbody .av-special-heading.av-lfi9t7a6-5715b74596eea75f606332640ebdda97 .av-special-heading-tag .heading-char{\nfont-size:25px;\n}\n.av-special-heading.av-lfi9t7a6-5715b74596eea75f606332640ebdda97 .special-heading-inner-border{\nborder-color:#e05100;\n}\n.av-special-heading.av-lfi9t7a6-5715b74596eea75f606332640ebdda97 .av-subheading{\nfont-size:15px;\n}\n<\/style>\n<div  class='av-special-heading av-lfi9t7a6-5715b74596eea75f606332640ebdda97 av-special-heading-h2 custom-color-heading blockquote modern-quote modern-centered  avia-builder-el-18  el_before_av_hr  avia-builder-el-first '><h2 class='av-special-heading-tag '  itemprop=\"headline\"  >SOLICITAR FORMACI\u00d3N<\/h2><div class=\"special-heading-border\"><div class=\"special-heading-inner-border\"><\/div><\/div><\/div><br \/>\n\n<style type=\"text\/css\" data-created_by=\"avia_inline_auto\" id=\"style-css-av-khapsnhv-b571e98c3dfd26235cb09be154e6e4a5\">\n#top .hr.av-khapsnhv-b571e98c3dfd26235cb09be154e6e4a5{\nmargin-top:00px;\nmargin-bottom:10px;\n}\n.hr.av-khapsnhv-b571e98c3dfd26235cb09be154e6e4a5 .hr-inner{\nwidth:100%;\nborder-color:#e05100;\n}\n<\/style>\n<div  class='hr av-khapsnhv-b571e98c3dfd26235cb09be154e6e4a5 hr-custom  avia-builder-el-19  el_after_av_heading  el_before_av_textblock  hr-center hr-icon-no'><span class='hr-inner inner-border-av-border-thin'><span class=\"hr-inner-style\"><\/span><\/span><\/div><br \/>\n<section  class='av_textblock_section av-kgs3p0ji-563414d7eec11435d607e5bb86803ab3 '   itemscope=\"itemscope\" itemtype=\"https:\/\/schema.org\/CreativeWork\" ><div class='avia_textblock'  itemprop=\"text\" ><p style=\"text-align: center;\">\n<div class=\"wpcf7 no-js\" id=\"wpcf7-f4507-o1\" lang=\"es-ES\" dir=\"ltr\" data-wpcf7-id=\"4507\">\n<div class=\"screen-reader-response\"><p role=\"status\" aria-live=\"polite\" aria-atomic=\"true\"><\/p> <ul><\/ul><\/div>\n<form action=\"\/es\/wp-json\/wp\/v2\/pages\/4502#wpcf7-f4507-o1\" method=\"post\" class=\"wpcf7-form init\" aria-label=\"Formulario de contacto\" novalidate=\"novalidate\" data-status=\"init\">\n<fieldset class=\"hidden-fields-container\"><input type=\"hidden\" name=\"_wpcf7\" value=\"4507\" \/><input type=\"hidden\" name=\"_wpcf7_version\" value=\"6.1.5\" \/><input type=\"hidden\" name=\"_wpcf7_locale\" value=\"es_ES\" \/><input type=\"hidden\" name=\"_wpcf7_unit_tag\" value=\"wpcf7-f4507-o1\" \/><input type=\"hidden\" name=\"_wpcf7_container_post\" value=\"0\" \/><input type=\"hidden\" name=\"_wpcf7_posted_data_hash\" value=\"\" \/>\n<\/fieldset>\n<p><label>Entidad (*)<br \/>\n<span class=\"wpcf7-form-control-wrap\" data-name=\"text-001\"><input size=\"40\" maxlength=\"400\" class=\"wpcf7-form-control wpcf7-text wpcf7-validates-as-required\" id=\"form-formacio\" aria-required=\"true\" aria-invalid=\"false\" value=\"\" type=\"text\" name=\"text-001\" \/><\/span> <\/label>\n<\/p>\n<p><label>Persona de contacto (*)<br \/>\n<span class=\"wpcf7-form-control-wrap\" data-name=\"text-002\"><input size=\"40\" maxlength=\"400\" class=\"wpcf7-form-control wpcf7-text wpcf7-validates-as-required\" aria-required=\"true\" aria-invalid=\"false\" value=\"\" type=\"text\" name=\"text-002\" \/><\/span> <\/label>\n<\/p>\n<p><label>Email<br \/>\n<span class=\"wpcf7-form-control-wrap\" data-name=\"your-email\"><input size=\"40\" maxlength=\"400\" class=\"wpcf7-form-control wpcf7-email wpcf7-validates-as-required wpcf7-text wpcf7-validates-as-email\" aria-required=\"true\" aria-invalid=\"false\" value=\"\" type=\"email\" name=\"your-email\" \/><\/span> <\/label>\n<\/p>\n<p>Nos interesa la inscricpi\u00f3n a:<br \/>\n<span class=\"wpcf7-form-control-wrap\" data-name=\"radio-855\"><span class=\"wpcf7-form-control wpcf7-radio\" id=\"form-formacio-2\"><span class=\"wpcf7-list-item first last\"><label><input type=\"radio\" name=\"radio-855\" value=\"El programa completo de los 10 cursos.\" \/><span class=\"wpcf7-list-item-label\">El programa completo de los 10 cursos.<\/span><\/label><\/span><\/span><\/span>\n<\/p>\n<p>Nos interesan solo los siguientes cursos:\n<\/p>\n<p><span class=\"wpcf7-form-control-wrap\" data-name=\"radio-391\"><span class=\"wpcf7-form-control wpcf7-radio\"><span class=\"wpcf7-list-item first\"><label><input type=\"radio\" name=\"radio-391\" value=\"Introducci\u00f3n a Solvencia II\" \/><span class=\"wpcf7-list-item-label\">Introducci\u00f3n a Solvencia II<\/span><\/label><\/span><span class=\"wpcf7-list-item\"><label><input type=\"radio\" name=\"radio-391\" value=\"Las funciones fundamentales de Solvencia II: gesti\u00f3n de riesgos.\" \/><span class=\"wpcf7-list-item-label\">Las funciones fundamentales de Solvencia II: gesti\u00f3n de riesgos.<\/span><\/label><\/span><span class=\"wpcf7-list-item\"><label><input type=\"radio\" name=\"radio-391\" value=\"Las funciones fundamentales de Solvencia II: funci\u00f3n actuarial.\" \/><span class=\"wpcf7-list-item-label\">Las funciones fundamentales de Solvencia II: funci\u00f3n actuarial.<\/span><\/label><\/span><span class=\"wpcf7-list-item\"><label><input type=\"radio\" name=\"radio-391\" value=\"Las funciones fundamentales de Solvencia II: Verificaci\u00f3n del Cumplimiento.\" \/><span class=\"wpcf7-list-item-label\">Las funciones fundamentales de Solvencia II: Verificaci\u00f3n del Cumplimiento.<\/span><\/label><\/span><span class=\"wpcf7-list-item\"><label><input type=\"radio\" name=\"radio-391\" value=\"Las funciones fundamentales de Solvencia II: Auditor\u00eda Interna\" \/><span class=\"wpcf7-list-item-label\">Las funciones fundamentales de Solvencia II: Auditor\u00eda Interna<\/span><\/label><\/span><span class=\"wpcf7-list-item\"><label><input type=\"radio\" name=\"radio-391\" value=\"Comisi\u00f3n de Control y Comisi\u00f3n de Auditor\u00eda.\" \/><span class=\"wpcf7-list-item-label\">Comisi\u00f3n de Control y Comisi\u00f3n de Auditor\u00eda.<\/span><\/label><\/span><span class=\"wpcf7-list-item\"><label><input type=\"radio\" name=\"radio-391\" value=\"Introducci\u00f3n al Contrato del Seguro.\" \/><span class=\"wpcf7-list-item-label\">Introducci\u00f3n al Contrato del Seguro.<\/span><\/label><\/span><span class=\"wpcf7-list-item\"><label><input type=\"radio\" name=\"radio-391\" value=\"Introducci\u00f3n al Reglamento Europeo y el nuevo Reglamento de Protecci\u00f3n de Datos.\" \/><span class=\"wpcf7-list-item-label\">Introducci\u00f3n al Reglamento Europeo y el nuevo Reglamento de Protecci\u00f3n de Datos.<\/span><\/label><\/span><span class=\"wpcf7-list-item\"><label><input type=\"radio\" name=\"radio-391\" value=\"Introducci\u00f3n al Sistema de Prevenci\u00f3n de Delitos.\" \/><span class=\"wpcf7-list-item-label\">Introducci\u00f3n al Sistema de Prevenci\u00f3n de Delitos.<\/span><\/label><\/span><span class=\"wpcf7-list-item last\"><label><input type=\"radio\" name=\"radio-391\" value=\"Ley de Distribuci\u00f3n de seguros para las MPS.\" \/><span class=\"wpcf7-list-item-label\">Ley de Distribuci\u00f3n de seguros para las MPS.<\/span><\/label><\/span><\/span><\/span>\n<\/p>\n<p><input class=\"wpcf7-form-control wpcf7-submit has-spinner\" type=\"submit\" value=\"Enviar\" \/>\n<\/p>\n<p>Una vez registramos vuestra solicitud nos pondremos en contacto mediante vuestro correo electr\u00f3nico para definir los datos y el n\u00famero de personas que quer\u00e9is inscribir.\n<\/p>\n<p><label><span class=\"wpcf7-form-control-wrap\" data-name=\"checkbox-417\"><span class=\"wpcf7-form-control wpcf7-checkbox wpcf7-validates-as-required text-form\"><span class=\"wpcf7-list-item first last\"><label><input type=\"checkbox\" name=\"checkbox-417[]\" value=\"He le\u00eddo y acepto la informaci\u00f3n b\u00e1sica de protecci\u00f3n de datos.\" \/><span class=\"wpcf7-list-item-label\">He le\u00eddo y acepto la informaci\u00f3n b\u00e1sica de protecci\u00f3n de datos.<\/span><\/label><\/span><\/span><\/span><a style=\"color: #fff;\" href=\"https:\/\/www.mutualitats.cat\/es\/aviso-legal\/\" target=\"_blank\" rel=\"noopener\">Ver pol\u00edtica de privacidad.<\/a><\/label>\n<\/p><p style=\"display: none !important;\" class=\"akismet-fields-container\" data-prefix=\"_wpcf7_ak_\"><label>&#916;<textarea name=\"_wpcf7_ak_hp_textarea\" cols=\"45\" rows=\"8\" maxlength=\"100\"><\/textarea><\/label><input type=\"hidden\" id=\"ak_js_1\" name=\"_wpcf7_ak_js\" value=\"237\"\/><script>document.getElementById( \"ak_js_1\" ).setAttribute( \"value\", ( new Date() ).getTime() );<\/script><\/p><div class=\"wpcf7-response-output\" aria-hidden=\"true\"><\/div>\n<\/form>\n<\/div>\n<\/p>\n<\/div><\/section><\/p><\/div>\n<style type=\"text\/css\" data-created_by=\"avia_inline_auto\" id=\"style-css-av-28tuzu-30fcc390e47ad2cffb4003a6f56a5190\">\n.flex_column.av-28tuzu-30fcc390e47ad2cffb4003a6f56a5190{\nborder-radius:0px 0px 0px 0px;\npadding:0px 0px 0px 0px;\n}\n<\/style>\n<div  class='flex_column av-28tuzu-30fcc390e47ad2cffb4003a6f56a5190 av_one_fourth  avia-builder-el-21  el_after_av_one_half  avia-builder-el-last  flex_column_div av-zero-column-padding  '     ><\/div><\/p>\n","protected":false},"excerpt":{"rendered":"","protected":false},"author":1,"featured_media":0,"parent":3080,"menu_order":0,"comment_status":"closed","ping_status":"closed","template":"","meta":{"footnotes":""},"class_list":["post-4502","page","type-page","status-publish","hentry"],"_links":{"self":[{"href":"https:\/\/www.mutualitats.cat\/es\/wp-json\/wp\/v2\/pages\/4502","targetHints":{"allow":["GET"]}}],"collection":[{"href":"https:\/\/www.mutualitats.cat\/es\/wp-json\/wp\/v2\/pages"}],"about":[{"href":"https:\/\/www.mutualitats.cat\/es\/wp-json\/wp\/v2\/types\/page"}],"author":[{"embeddable":true,"href":"https:\/\/www.mutualitats.cat\/es\/wp-json\/wp\/v2\/users\/1"}],"replies":[{"embeddable":true,"href":"https:\/\/www.mutualitats.cat\/es\/wp-json\/wp\/v2\/comments?post=4502"}],"version-history":[{"count":0,"href":"https:\/\/www.mutualitats.cat\/es\/wp-json\/wp\/v2\/pages\/4502\/revisions"}],"up":[{"embeddable":true,"href":"https:\/\/www.mutualitats.cat\/es\/wp-json\/wp\/v2\/pages\/3080"}],"wp:attachment":[{"href":"https:\/\/www.mutualitats.cat\/es\/wp-json\/wp\/v2\/media?parent=4502"}],"curies":[{"name":"wp","href":"https:\/\/api.w.org\/{rel}","templated":true}]}}