{"id":3099,"date":"2020-10-27T15:04:23","date_gmt":"2020-10-27T15:04:23","guid":{"rendered":"https:\/\/www2.mutualitats.cat\/qui-som\/"},"modified":"2022-09-29T11:12:47","modified_gmt":"2022-09-29T11:12:47","slug":"quienes-somos","status":"publish","type":"page","link":"https:\/\/www.mutualitats.cat\/es\/quienes-somos\/","title":{"rendered":"Qui\u00e9nes Somos"},"content":{"rendered":"\n<style type=\"text\/css\" data-created_by=\"avia_inline_auto\" id=\"style-css-av-kgs46uz0-57f2a7ccd32531accf81561fd6b96d7e\">\n.avia-image-container.av-kgs46uz0-57f2a7ccd32531accf81561fd6b96d7e img.avia_image{\nbox-shadow:none;\n}\n.avia-image-container.av-kgs46uz0-57f2a7ccd32531accf81561fd6b96d7e .av-image-caption-overlay-center{\ncolor:#ffffff;\n}\n<\/style>\n<div  class='avia-image-container av-kgs46uz0-57f2a7ccd32531accf81561fd6b96d7e av-styling- avia-align-center  avia-builder-el-0  el_before_av_section  avia-builder-el-no-sibling '   itemprop=\"image\" itemscope=\"itemscope\" itemtype=\"https:\/\/schema.org\/ImageObject\" ><div class=\"avia-image-container-inner\"><div class=\"avia-image-overlay-wrap\"><img decoding=\"async\" fetchpriority=\"high\" class='wp-image-2579 avia-img-lazy-loading-not-2579 avia_image ' src=\"https:\/\/www.mutualitats.cat\/wp-content\/uploads\/2020\/11\/qui-som-header.png\" alt='' title='qui-som-header'  height=\"477\" width=\"1402\"  itemprop=\"thumbnailUrl\" srcset=\"https:\/\/www.mutualitats.cat\/wp-content\/uploads\/2020\/11\/qui-som-header.png 1402w, https:\/\/www.mutualitats.cat\/wp-content\/uploads\/2020\/11\/qui-som-header-300x102.png 300w, https:\/\/www.mutualitats.cat\/wp-content\/uploads\/2020\/11\/qui-som-header-1030x350.png 1030w, https:\/\/www.mutualitats.cat\/wp-content\/uploads\/2020\/11\/qui-som-header-768x261.png 768w, https:\/\/www.mutualitats.cat\/wp-content\/uploads\/2020\/11\/qui-som-header-705x240.png 705w\" sizes=\"(max-width: 1402px) 100vw, 1402px\" \/><\/div><\/div><\/div>\n<\/div><\/div><\/div><!-- close content main div --><\/div><\/div>\n<style type=\"text\/css\" data-created_by=\"avia_inline_auto\" id=\"style-css-av-kh50xvic-3c3d6903c6b0861551b617c999c04d97\">\n.avia-section.av-kh50xvic-3c3d6903c6b0861551b617c999c04d97{\nmargin-top:-150px;\nmargin-bottom:-150px;\n}\n<\/style>\n<div id='av_section_1'  class='avia-section av-kh50xvic-3c3d6903c6b0861551b617c999c04d97 main_color avia-section-default avia-no-border-styling  avia-builder-el-1  el_after_av_image  el_before_av_one_fifth  avia-bg-style-scroll container_wrap fullsize'  ><div class='container av-section-cont-open' ><div class='template-page content  av-content-full alpha units'><div class='post-entry post-entry-type-page post-entry-3099'><div class='entry-content-wrapper clearfix'>\n\n<style type=\"text\/css\" data-created_by=\"avia_inline_auto\" id=\"style-css-av-8vu77-0520dc57e087c04b607239ad4fc324ec\">\n.flex_column.av-8vu77-0520dc57e087c04b607239ad4fc324ec{\nborder-radius:0px 0px 0px 0px;\npadding:0px 0px 0px 0px;\n}\n<\/style>\n<div  class='flex_column av-8vu77-0520dc57e087c04b607239ad4fc324ec av_one_fifth  avia-builder-el-2  el_before_av_three_fifth  avia-builder-el-first  first no_margin flex_column_div av-zero-column-padding  '     ><\/div>\n<style type=\"text\/css\" data-created_by=\"avia_inline_auto\" id=\"style-css-av-8vu77-dc5cc029ba64813eb7a6339d4c96746a\">\n.flex_column.av-8vu77-dc5cc029ba64813eb7a6339d4c96746a{\nborder-radius:0px 0px 0px 0px;\npadding:20px 20px 20px 20px;\nbackground-color:#ffffff;\n}\n<\/style>\n<div  class='flex_column av-8vu77-dc5cc029ba64813eb7a6339d4c96746a av_three_fifth  avia-builder-el-3  el_after_av_one_fifth  el_before_av_one_fifth  no_margin flex_column_div  '     ><style type=\"text\/css\" data-created_by=\"avia_inline_auto\" id=\"style-css-av-kgs48dvk-32290d3947b54c0654935143cd9efe28\">\n#top .av_textblock_section.av-kgs48dvk-32290d3947b54c0654935143cd9efe28 .avia_textblock{\nfont-size:30px;\ncolor:#3a6a7b;\n}\n<\/style>\n<section  class='av_textblock_section av-kgs48dvk-32290d3947b54c0654935143cd9efe28 '   itemscope=\"itemscope\" itemtype=\"https:\/\/schema.org\/CreativeWork\" ><div class='avia_textblock titular-qui-som av_inherit_color'  itemprop=\"text\" ><h2 style=\"text-align: center;\"><span style=\"line-height: 32px; color: #e05100;\"><strong>MUTUALISMO DE CATALU\u00d1A, UNA ALTERNATIVA ASEGURADORA REAL, PR\u00d3XIMA, MODERNA Y EFICAZ<\/strong><\/span><\/h2>\n<\/div><\/section><\/div>\n<style type=\"text\/css\" data-created_by=\"avia_inline_auto\" id=\"style-css-av-8vu77-0beaf9404cb3b56ce842ab3a62dbac6b\">\n.flex_column.av-8vu77-0beaf9404cb3b56ce842ab3a62dbac6b{\nborder-radius:0px 0px 0px 0px;\npadding:0px 0px 0px 0px;\n}\n<\/style>\n<div  class='flex_column av-8vu77-0beaf9404cb3b56ce842ab3a62dbac6b av_one_fifth  avia-builder-el-5  el_after_av_three_fifth  avia-builder-el-last  no_margin flex_column_div av-zero-column-padding  '     ><\/div>\n<\/div><\/div><\/div><!-- close content main div --><\/div><\/div><div id='after_section_1'  class='main_color av_default_container_wrap container_wrap fullsize'  ><div class='container av-section-cont-open' ><div class='template-page content  av-content-full alpha units'><div class='post-entry post-entry-type-page post-entry-3099'><div class='entry-content-wrapper clearfix'>\n\n<style type=\"text\/css\" data-created_by=\"avia_inline_auto\" id=\"style-css-av-9bf0xf-080e06063d7d61ad7a6b6f1b9e24b6cc\">\n.flex_column.av-9bf0xf-080e06063d7d61ad7a6b6f1b9e24b6cc{\nborder-radius:0px 0px 0px 0px;\npadding:0px 0px 0px 0px;\n}\n<\/style>\n<div  class='flex_column av-9bf0xf-080e06063d7d61ad7a6b6f1b9e24b6cc av_one_fifth  avia-builder-el-6  el_after_av_section  el_before_av_three_fifth  avia-builder-el-first  first flex_column_div av-zero-column-padding  '     ><\/div>\n\n<style type=\"text\/css\" data-created_by=\"avia_inline_auto\" id=\"style-css-av-6zah5f-b171a33f24b7d739db11037428715880\">\n.flex_column.av-6zah5f-b171a33f24b7d739db11037428715880{\nborder-radius:0px 0px 0px 0px;\npadding:0px 0px 0px 0px;\n}\n<\/style>\n<div  class='flex_column av-6zah5f-b171a33f24b7d739db11037428715880 av_three_fifth  avia-builder-el-7  el_after_av_one_fifth  el_before_av_one_fifth  flex_column_div av-zero-column-padding  '     ><p><section  class='av_textblock_section av-kgs3p0ji-563414d7eec11435d607e5bb86803ab3 '   itemscope=\"itemscope\" itemtype=\"https:\/\/schema.org\/CreativeWork\" ><div class='avia_textblock'  itemprop=\"text\" ><p>La Federaci\u00f3n de Mutualidades de Catalu\u00f1a se constituy\u00f3 el 15 de abril de 1896 con la denominaci\u00f3n de Uni\u00f3n y Defensa de Montep\u00edos de la Provincia de Barcelona y sus Afueras. <strong>La Federaci\u00f3n se ha mantenido fiel a su esp\u00edritu fundacional: la representaci\u00f3n y la promoci\u00f3n de la previsi\u00f3n social.<\/strong><\/p>\n<p>Desde la Federaci\u00f3n de Mutualidades de Catalu\u00f1a nos ocupamos de la representaci\u00f3n y defensa de los intereses del mutualismo social catal\u00e1n. Actualmente la Federaci\u00f3n est\u00e1 integrada por 38 mutuas y mutualidades de previsi\u00f3n social que dan cobertura aseguradora, sin af\u00e1n de lucro, a cerca de 257.000 mutualistas con m\u00e1s de 822.000 sujetos protegidos, el equivalente al 11% de la poblaci\u00f3n catalana.<\/p>\n<\/div><\/section><br \/>\n\n<style type=\"text\/css\" data-created_by=\"avia_inline_auto\" id=\"style-css-av-kh5198nh-f0ae171caa4b1ab0fc73d78279a0cab2\">\n#top .hr.av-kh5198nh-f0ae171caa4b1ab0fc73d78279a0cab2{\nmargin-top:10px;\nmargin-bottom:15px;\n}\n.hr.av-kh5198nh-f0ae171caa4b1ab0fc73d78279a0cab2 .hr-inner{\nwidth:100%;\nborder-color:#232323;\n}\n<\/style>\n<div  class='hr av-kh5198nh-f0ae171caa4b1ab0fc73d78279a0cab2 hr-custom  avia-builder-el-9  el_after_av_textblock  el_before_av_textblock  hr-center hr-icon-no'><span class='hr-inner inner-border-av-border-thin'><span class=\"hr-inner-style\"><\/span><\/span><\/div><br \/>\n\n<style type=\"text\/css\" data-created_by=\"avia_inline_auto\" id=\"style-css-av-kgs48dvk-747c03449330117a4cfed08e5173a7b0\">\n#top .av_textblock_section.av-kgs48dvk-747c03449330117a4cfed08e5173a7b0 .avia_textblock{\nfont-size:38px;\ncolor:#3a6a7b;\n}\n<\/style>\n<section  class='av_textblock_section av-kgs48dvk-747c03449330117a4cfed08e5173a7b0 '   itemscope=\"itemscope\" itemtype=\"https:\/\/schema.org\/CreativeWork\" ><div class='avia_textblock titular-qui-som av_inherit_color'  itemprop=\"text\" ><h2 style=\"text-align: center;\">M\u00c1S DE 100 A\u00d1OS AL SERVICIO DEL MUTUALISMO DE PREVISI\u00d3N SOCIAL<\/h2>\n<\/div><\/section><br \/>\n\n<style type=\"text\/css\" data-created_by=\"avia_inline_auto\" id=\"style-css-av-kh5198nh-3684bd06bf1b690160b80f3b75cd5ece\">\n#top .hr.av-kh5198nh-3684bd06bf1b690160b80f3b75cd5ece{\nmargin-top:10px;\nmargin-bottom:10px;\n}\n.hr.av-kh5198nh-3684bd06bf1b690160b80f3b75cd5ece .hr-inner{\nwidth:100%;\nborder-color:#232323;\n}\n<\/style>\n<div  class='hr av-kh5198nh-3684bd06bf1b690160b80f3b75cd5ece hr-custom  avia-builder-el-11  el_after_av_textblock  el_before_av_textblock  hr-center hr-icon-no'><span class='hr-inner inner-border-av-border-thin'><span class=\"hr-inner-style\"><\/span><\/span><\/div><br \/>\n<section  class='av_textblock_section av-kgs3p0ji-563414d7eec11435d607e5bb86803ab3 '   itemscope=\"itemscope\" itemtype=\"https:\/\/schema.org\/CreativeWork\" ><div class='avia_textblock'  itemprop=\"text\" ><p>La Ley del Parlamento de Catalu\u00f1a 10\/2003, sobre mutualidades de previsi\u00f3n social, atribuye a la Federaci\u00f3n, a todos los efectos, <strong>la representaci\u00f3n y defensa de los intereses del mutualismo de previsi\u00f3n social catal\u00e1n.<\/strong> Esta ley est\u00e1 dictada en ejercicio de la competencia exclusiva de la Generalitat de Catalunya sobre el mutualismo no integrado en el sistema de la Seguridad Social y respetando la legislaci\u00f3n mercantil.<\/p>\n<p style=\"text-align: center; font-size: 20px; color: #e05100 !important;\"><span style=\"color: #e05100;\"><em>Defensa, promoci\u00f3n, ayuda, gesti\u00f3n y asesoramiento a las mutualidades<\/em><\/span><\/p>\n<p><strong>El objetivo fundamental de la Federaci\u00f3n es contribuir al progreso de las mutualidades catalanas mediante la proyecci\u00f3n y consolidaci\u00f3n del mutualismo social como oferta aseguradora competitiva y eficaz.<\/strong> Y tambi\u00e9n como modelo organizativo complementario de la econom\u00eda productiva y de los sistemas p\u00fablicos de protecci\u00f3n social.<\/p>\n<\/div><\/section><br \/>\n\n<style type=\"text\/css\" data-created_by=\"avia_inline_auto\" id=\"style-css-av-kh5198nh-e58a872f10fdf0fac57e4477cc610f08\">\n#top .hr.hr-invisible.av-kh5198nh-e58a872f10fdf0fac57e4477cc610f08{\nheight:20px;\n}\n<\/style>\n<div  class='hr av-kh5198nh-e58a872f10fdf0fac57e4477cc610f08 hr-invisible  avia-builder-el-13  el_after_av_textblock  el_before_av_textblock '><span class='hr-inner '><span class=\"hr-inner-style\"><\/span><\/span><\/div><br \/>\n\n<style type=\"text\/css\" data-created_by=\"avia_inline_auto\" id=\"style-css-av-kgs48dvk-a057bcafc546ea003f38978bad572676\">\n#top .av_textblock_section.av-kgs48dvk-a057bcafc546ea003f38978bad572676 .avia_textblock{\nfont-size:30px;\ncolor:#e05100;\n}\n<\/style>\n<section  class='av_textblock_section av-kgs48dvk-a057bcafc546ea003f38978bad572676 '   itemscope=\"itemscope\" itemtype=\"https:\/\/schema.org\/CreativeWork\" ><div class='avia_textblock titular-qui-som av_inherit_color'  itemprop=\"text\" ><h2>QU\u00c9 HACEMOS DESDE LA FEDERACI\u00d3N<\/h2>\n<\/div><\/section><br \/>\n<section  class='av_textblock_section av-kgs3p0ji-563414d7eec11435d607e5bb86803ab3 '   itemscope=\"itemscope\" itemtype=\"https:\/\/schema.org\/CreativeWork\" ><div class='avia_textblock'  itemprop=\"text\" ><ul>\n<li><strong>Promocionamos y defendemos el mutualismo<\/strong> y la previsi\u00f3n social voluntaria ante la sociedad y la Administraci\u00f3n.<\/li>\n<li>Fomentamos las <strong>relaciones y la cooperaci\u00f3n entre mutualidades.<\/strong><\/li>\n<li><strong>Colaboramos con entidades p\u00fablicas y privadas.<\/strong><\/li>\n<li><strong>Brindamos ayuda y apoyo en los \u00e1mbitos t\u00e9cnico y administrativo<\/strong>, encaminados a la buena marcha y viabilidad de las entidades federadas.<\/li>\n<li>Nos ocupamos del <strong>mantenimiento y conservaci\u00f3n de los derechos de los mutualistas,<\/strong> de acuerdo con la normativa aplicable.<\/li>\n<li>Efectuamos el <strong>tratamiento de datos estad\u00edsticos y contables.<\/strong><\/li>\n<li>Realizamos<strong> estudios, publicaciones, promoci\u00f3n y difusi\u00f3n de la previsi\u00f3n social voluntaria.<\/strong><\/li>\n<li>Establecemos <strong>sistemas de conciliaci\u00f3n y arbitraje.<\/strong><\/li>\n<li>Establecemos <strong>convenios o contratos con entidades p\u00fablicas y privadas,<\/strong> en beneficio de las mutualidades federadas y sus asociados.<\/li>\n<\/ul>\n<\/div><\/section><br \/>\n\n<style type=\"text\/css\" data-created_by=\"avia_inline_auto\" id=\"style-css-av-kh5198nh-e58a872f10fdf0fac57e4477cc610f08\">\n#top .hr.hr-invisible.av-kh5198nh-e58a872f10fdf0fac57e4477cc610f08{\nheight:20px;\n}\n<\/style>\n<div  class='hr av-kh5198nh-e58a872f10fdf0fac57e4477cc610f08 hr-invisible  avia-builder-el-16  el_after_av_textblock  el_before_av_textblock '><span class='hr-inner '><span class=\"hr-inner-style\"><\/span><\/span><\/div><br \/>\n\n<style type=\"text\/css\" data-created_by=\"avia_inline_auto\" id=\"style-css-av-kgs48dvk-a057bcafc546ea003f38978bad572676\">\n#top .av_textblock_section.av-kgs48dvk-a057bcafc546ea003f38978bad572676 .avia_textblock{\nfont-size:30px;\ncolor:#e05100;\n}\n<\/style>\n<section  class='av_textblock_section av-kgs48dvk-a057bcafc546ea003f38978bad572676 '   itemscope=\"itemscope\" itemtype=\"https:\/\/schema.org\/CreativeWork\" ><div class='avia_textblock titular-qui-som av_inherit_color'  itemprop=\"text\" ><h2>NUESTROS ESTATUTOS<\/h2>\n<\/div><\/section><br \/>\n<section  class='av_textblock_section av-kgs3p0ji-563414d7eec11435d607e5bb86803ab3 '   itemscope=\"itemscope\" itemtype=\"https:\/\/schema.org\/CreativeWork\" ><div class='avia_textblock'  itemprop=\"text\" ><p><strong>Los Estatutos son la norma b\u00e1sica que regula el funcionamiento de la Federaci\u00f3n<\/strong>. Est\u00e1n adaptados a la Ley del Parlamento de Catalu\u00f1a 10\/2003, de 13 de junio, sobre mutualidades de previsi\u00f3n social, fruto de la asunci\u00f3n por la Generalitat de Catalu\u00f1a de la competencia plena sobre el mutualismo de previsi\u00f3n social.<\/p>\n<p>Puedes descargarte los estatutos en este PDF:<\/p>\n<\/div><\/section><br \/>\n<div  class='avia-button-wrap av-kgs4ylvo-e3a896e5314dd99613f2704ed1394493-wrap avia-button-left  avia-builder-el-19  el_after_av_textblock  el_before_av_hr '><a href='https:\/\/www.mutualitats.cat\/wp-content\/uploads\/2020\/11\/Estatuts-Federacio-2017.pdf'  class='avia-button av-kgs4ylvo-e3a896e5314dd99613f2704ed1394493 av-link-btn avia-icon_select-no avia-size-large avia-position-left avia-color-light'  target=\"_blank\"  rel=\"noopener noreferrer\"  aria-label=\"DESCARGA LOS ESTATUTOS\"><span class='avia_iconbox_title' >DESCARGA LOS ESTATUTOS<\/span><\/a><\/div><br \/>\n\n<style type=\"text\/css\" data-created_by=\"avia_inline_auto\" id=\"style-css-av-kh4ql8et-db8e4229729d67c5841cff5f863c8348\">\n#top .hr.hr-invisible.av-kh4ql8et-db8e4229729d67c5841cff5f863c8348{\nheight:50px;\n}\n<\/style>\n<div  class='hr av-kh4ql8et-db8e4229729d67c5841cff5f863c8348 hr-invisible  avia-builder-el-20  el_after_av_button  el_before_av_image '><span class='hr-inner '><span class=\"hr-inner-style\"><\/span><\/span><\/div><br \/>\n\n<style type=\"text\/css\" data-created_by=\"avia_inline_auto\" id=\"style-css-av-kh4qk3v5-95cc1aaab4229de470b8b91878dc72c3\">\n.avia-image-container.av-kh4qk3v5-95cc1aaab4229de470b8b91878dc72c3 img.avia_image{\nbox-shadow:none;\n}\n.avia-image-container.av-kh4qk3v5-95cc1aaab4229de470b8b91878dc72c3 .av-image-caption-overlay-center{\ncolor:#ffffff;\n}\n<\/style>\n<div  class='avia-image-container av-kh4qk3v5-95cc1aaab4229de470b8b91878dc72c3 av-styling- av-img-linked avia-align-left  avia-builder-el-21  el_after_av_hr  el_before_av_image '   itemprop=\"image\" itemscope=\"itemscope\" itemtype=\"https:\/\/schema.org\/ImageObject\" ><div class=\"avia-image-container-inner\"><div class=\"avia-image-overlay-wrap\"><a href=\"https:\/\/www.confederacionmutualidades.es\/\" class='avia_image '  target=\"_blank\"  rel=\"noopener noreferrer\" aria-label='logo-confederacion'><img decoding=\"async\" fetchpriority=\"high\" class='wp-image-3261 avia-img-lazy-loading-not-3261 avia_image ' src=\"https:\/\/www.mutualitats.cat\/wp-content\/uploads\/2020\/11\/logo-confederacion.png\" alt='' title='logo-confederacion'  height=\"102\" width=\"341\"  itemprop=\"thumbnailUrl\" srcset=\"https:\/\/www.mutualitats.cat\/wp-content\/uploads\/2020\/11\/logo-confederacion.png 341w, https:\/\/www.mutualitats.cat\/wp-content\/uploads\/2020\/11\/logo-confederacion-300x90.png 300w\" sizes=\"(max-width: 341px) 100vw, 341px\" \/><\/a><\/div><\/div><\/div><br \/>\n\n<style type=\"text\/css\" data-created_by=\"avia_inline_auto\" id=\"style-css-av-kh4qk3v5-28819a26ee38f9c12f522d2cf973e991\">\n.avia-image-container.av-kh4qk3v5-28819a26ee38f9c12f522d2cf973e991 img.avia_image{\nbox-shadow:none;\n}\n.avia-image-container.av-kh4qk3v5-28819a26ee38f9c12f522d2cf973e991 .av-image-caption-overlay-center{\ncolor:#ffffff;\n}\n<\/style>\n<div  class='avia-image-container av-kh4qk3v5-28819a26ee38f9c12f522d2cf973e991 av-styling- av-img-linked avia-align-left  avia-builder-el-22  el_after_av_image  el_before_av_textblock '   itemprop=\"image\" itemscope=\"itemscope\" itemtype=\"https:\/\/schema.org\/ImageObject\" ><div class=\"avia-image-container-inner\"><div class=\"avia-image-overlay-wrap\"><a href=\"https:\/\/economiasocialcatalunya.cat\/\" class='avia_image '  target=\"_blank\"  rel=\"noopener noreferrer\" aria-label='logo-confederacion-2'><img decoding=\"async\" fetchpriority=\"high\" class='wp-image-4295 avia-img-lazy-loading-not-4295 avia_image ' src=\"https:\/\/www.mutualitats.cat\/wp-content\/uploads\/2022\/09\/logo-confederacion-2.jpg\" alt='' title='logo-confederacion-2'  height=\"78\" width=\"341\"  itemprop=\"thumbnailUrl\" srcset=\"https:\/\/www.mutualitats.cat\/wp-content\/uploads\/2022\/09\/logo-confederacion-2.jpg 341w, https:\/\/www.mutualitats.cat\/wp-content\/uploads\/2022\/09\/logo-confederacion-2-300x69.jpg 300w\" sizes=\"(max-width: 341px) 100vw, 341px\" \/><\/a><\/div><\/div><\/div><br \/>\n\n<style type=\"text\/css\" data-created_by=\"avia_inline_auto\" id=\"style-css-av-kgs3p0ji-c6df31cf62b8c38d893bc11628268030\">\n#top .av_textblock_section.av-kgs3p0ji-c6df31cf62b8c38d893bc11628268030 .avia_textblock{\nfont-size:14px;\n}\n<\/style>\n<section  class='av_textblock_section av-kgs3p0ji-c6df31cf62b8c38d893bc11628268030 '   itemscope=\"itemscope\" itemtype=\"https:\/\/schema.org\/CreativeWork\" ><div class='avia_textblock'  itemprop=\"text\" ><p><em>La Federaci\u00f3n es miembro de la Confederaci\u00f3n Espa\u00f1ola de Mutualidades<\/em><\/p>\n<\/div><\/section><\/p><\/div>\n<style type=\"text\/css\" data-created_by=\"avia_inline_auto\" id=\"style-css-av-9bf0xf-70103652e041219151428c836a54a50f\">\n.flex_column.av-9bf0xf-70103652e041219151428c836a54a50f{\nborder-radius:0px 0px 0px 0px;\npadding:0px 0px 0px 0px;\n}\n<\/style>\n<div  class='flex_column av-9bf0xf-70103652e041219151428c836a54a50f av_one_fifth  avia-builder-el-24  el_after_av_three_fifth  avia-builder-el-last  flex_column_div av-zero-column-padding  '     ><\/div><\/p>\n","protected":false},"excerpt":{"rendered":"","protected":false},"author":1,"featured_media":0,"parent":0,"menu_order":0,"comment_status":"closed","ping_status":"closed","template":"","meta":{"footnotes":""},"class_list":["post-3099","page","type-page","status-publish","hentry"],"_links":{"self":[{"href":"https:\/\/www.mutualitats.cat\/es\/wp-json\/wp\/v2\/pages\/3099","targetHints":{"allow":["GET"]}}],"collection":[{"href":"https:\/\/www.mutualitats.cat\/es\/wp-json\/wp\/v2\/pages"}],"about":[{"href":"https:\/\/www.mutualitats.cat\/es\/wp-json\/wp\/v2\/types\/page"}],"author":[{"embeddable":true,"href":"https:\/\/www.mutualitats.cat\/es\/wp-json\/wp\/v2\/users\/1"}],"replies":[{"embeddable":true,"href":"https:\/\/www.mutualitats.cat\/es\/wp-json\/wp\/v2\/comments?post=3099"}],"version-history":[{"count":0,"href":"https:\/\/www.mutualitats.cat\/es\/wp-json\/wp\/v2\/pages\/3099\/revisions"}],"wp:attachment":[{"href":"https:\/\/www.mutualitats.cat\/es\/wp-json\/wp\/v2\/media?parent=3099"}],"curies":[{"name":"wp","href":"https:\/\/api.w.org\/{rel}","templated":true}]}}