{"id":3094,"date":"2020-11-13T09:05:03","date_gmt":"2020-11-13T09:05:03","guid":{"rendered":"https:\/\/www2.mutualitats.cat\/politica-de-cookies\/"},"modified":"2024-02-28T11:05:12","modified_gmt":"2024-02-28T11:05:12","slug":"politica-de-cookies","status":"publish","type":"page","link":"https:\/\/www.mutualitats.cat\/es\/politica-de-cookies\/","title":{"rendered":"Pol\u00edtica de Cookies"},"content":{"rendered":"<div id='av_section_1'  class='avia-section av-umz9xp-c131875f643c5acd31c0b3d90403b399 main_color avia-section-default avia-no-border-styling  avia-builder-el-0  avia-builder-el-no-sibling  avia-bg-style-scroll container_wrap fullsize'  ><div class='container av-section-cont-open' ><main  role=\"main\" itemprop=\"mainContentOfPage\"  class='template-page content  av-content-full alpha units'><div class='post-entry post-entry-type-page post-entry-3094'><div class='entry-content-wrapper clearfix'>\n\n<style type=\"text\/css\" data-created_by=\"avia_inline_auto\" id=\"style-css-av-av_heading-e07f4ff211b3f1545e458362e61da3fc\">\n#top .av-special-heading.av-av_heading-e07f4ff211b3f1545e458362e61da3fc{\npadding-bottom:10px;\ncolor:#e05100;\n}\nbody .av-special-heading.av-av_heading-e07f4ff211b3f1545e458362e61da3fc .av-special-heading-tag .heading-char{\nfont-size:25px;\n}\n.av-special-heading.av-av_heading-e07f4ff211b3f1545e458362e61da3fc .special-heading-inner-border{\nborder-color:#e05100;\n}\n.av-special-heading.av-av_heading-e07f4ff211b3f1545e458362e61da3fc .av-subheading{\nfont-size:15px;\n}\n<\/style>\n<div  class='av-special-heading av-av_heading-e07f4ff211b3f1545e458362e61da3fc av-special-heading-h2 custom-color-heading blockquote modern-quote modern-centered  avia-builder-el-1  el_before_av_hr  avia-builder-el-first '><h2 class='av-special-heading-tag '  itemprop=\"headline\"  >POL\u00cdTICA DE COOKIES<\/h2><div class=\"special-heading-border\"><div class=\"special-heading-inner-border\"><\/div><\/div><\/div>\n\n<style type=\"text\/css\" data-created_by=\"avia_inline_auto\" id=\"style-css-av-khapsnhv-22f293d8eb70ff8e1b3db8f81c70600c\">\n#top .hr.av-khapsnhv-22f293d8eb70ff8e1b3db8f81c70600c{\nmargin-top:00px;\nmargin-bottom:40px;\n}\n.hr.av-khapsnhv-22f293d8eb70ff8e1b3db8f81c70600c .hr-inner{\nwidth:100%;\nborder-color:#e05100;\n}\n<\/style>\n<div  class='hr av-khapsnhv-22f293d8eb70ff8e1b3db8f81c70600c hr-custom  avia-builder-el-2  el_after_av_heading  el_before_av_one_fifth  hr-center hr-icon-no'><span class='hr-inner inner-border-av-border-thin'><span class=\"hr-inner-style\"><\/span><\/span><\/div>\n\n<style type=\"text\/css\" data-created_by=\"avia_inline_auto\" id=\"style-css-av-56oqs4-a8e2167849e6acc7c00c7ab22bd4549f\">\n.flex_column.av-56oqs4-a8e2167849e6acc7c00c7ab22bd4549f{\nborder-radius:0px 0px 0px 0px;\npadding:0px 0px 0px 0px;\n}\n<\/style>\n<div  class='flex_column av-56oqs4-a8e2167849e6acc7c00c7ab22bd4549f av_one_fifth  avia-builder-el-3  el_after_av_hr  el_before_av_three_fifth  first flex_column_div av-zero-column-padding  '     ><\/div>\n<style type=\"text\/css\" data-created_by=\"avia_inline_auto\" id=\"style-css-av-438k8k-e05823c95726ccaf63a6123e7625431d\">\n.flex_column.av-438k8k-e05823c95726ccaf63a6123e7625431d{\nborder-radius:0px 0px 0px 0px;\npadding:0px 0px 0px 0px;\n}\n<\/style>\n<div  class='flex_column av-438k8k-e05823c95726ccaf63a6123e7625431d av_three_fifth  avia-builder-el-4  el_after_av_one_fifth  el_before_av_one_fifth  flex_column_div av-zero-column-padding  '     ><section  class='av_textblock_section av-khg10zt6-b33be29afb1ff7f07b4c2d74ba170cd3 '   itemscope=\"itemscope\" itemtype=\"https:\/\/schema.org\/CreativeWork\" ><div class='avia_textblock'  itemprop=\"text\" ><div class=\"page\" title=\"Page 1\">\n<div class=\"layoutArea\">\n<div class=\"column\">\n<div class=\"page\" title=\"Page 1\">\n<div class=\"layoutArea\">\n<div class=\"column\">\n<p><strong>FEDERACI\u00d3 MUTUALITATS DE CATALUNYA<\/strong> (en adelante, \u201c<strong><em>FEDERACI\u00d3<\/em><\/strong>\u201d) informa, a trav\u00e9s de la presente Pol\u00edtica de Cookies, acerca de la utilizaci\u00f3n de dispositivos de almacenamiento y recuperaci\u00f3n de datos en equipos terminales de los Usuarios.<\/p>\n<p><strong>1.- \u00bfQu\u00e9 son las cookies?<\/strong><\/p>\n<p>Las cookies son archivos o ficheros que se descargan en el ordenador\/<em>smartphone<\/em>\/<em>tablet<\/em> del Usuario al acceder a determinadas p\u00e1ginas web y aplicaciones que permiten almacenar preferencias de la navegaci\u00f3n del Usuario, haciendo que la interacci\u00f3n entre el Usuario y el Sitio Web sea m\u00e1s r\u00e1pida y f\u00e1cil.<\/p>\n<p>Las cookies permiten que la p\u00e1gina web almacene y recupere la informaci\u00f3n sobre su visita, como su idioma preferido y otras opciones, con el fin de mejorar los servicios que se ofrecen y contribuir a tener una mejor experiencia de navegaci\u00f3n para el usuario.<\/p>\n<p>En cualquier caso, el Usuario podr\u00e1 acceder a la configuraci\u00f3n de su navegador para modificar y\/o bloquear la instalaci\u00f3n de las Cookies enviadas desde el Sitio Web, sin que ello impida al acceso a los contenidos.<\/p>\n<p><strong>2.- \u00bfPara qu\u00e9 utiliza <\/strong><strong>FEDERACI\u00d3 las cookies?<\/strong><\/p>\n<p>De conformidad con el art\u00edculo 22 de la Ley de Servicios de la Sociedad de la Informaci\u00f3n y Comercio Electr\u00f3nico, as\u00ed como en el Considerando (30) del Reglamento General de Protecci\u00f3n de Datos (en adelante, \u201c<strong><em>RGPD<\/em><\/strong>\u201d), el presente Sitio Web utiliza cookies u otros dispositivos de almacenamiento y recuperaci\u00f3n de informaci\u00f3n para realizar un seguimiento de las interacciones de los Usuarios con los servicios ofrecidos en el Sitio Web.<\/p>\n<p>Las\u00a0cookies\u00a0permiten reconocer el navegador de un Usuario, as\u00ed como el tipo de dispositivo desde el que se accede al Sitio Web, y se utilizan para facilitar la pr\u00f3xima visita del Usuario y hacer que el Sitio Web resulte m\u00e1s \u00fatil.<\/p>\n<p>FEDERACI\u00d3 utiliza las cookies para:<\/p>\n<ul>\n<li>Optimizar la navegaci\u00f3n del Usuario mediante el seguimiento de la sesi\u00f3n.<\/li>\n<\/ul>\n<p>El Sitio Web utiliza los siguientes tipos de cookies:<\/p>\n<ul>\n<li><strong>Propias: <\/strong>Son las que se env\u00edan al equipo terminal del usuario desde un equipo o dominio gestionado por el propio editor y desde el que se presta el servicio solicitado por el usuario..<\/li>\n<li><strong>De terceros:<\/strong> Son las que se env\u00edan al equipo terminal del usuario desde un equipo o dominio que no es gestionado por el editor, sino por otra entidad que trata los datos obtenidos a trav\u00e9s de las cookies.<\/li>\n<li><strong>De sesi\u00f3n: <\/strong>Son las que han sido dise\u00f1adas para recopilar y almacenar datos mientras el usuario accede a una p\u00e1gina web. Se suelen emplear para almacenar informaci\u00f3n que s\u00f3lo interesa conservar para prestar el servicio solicitado por el usuario en una sola ocasi\u00f3n (por ejemplo, una lista de productos adquiridos), y desaparecen al finalizar la sesi\u00f3n.<\/li>\n<li><strong>T\u00e9cnicas: <\/strong>Son las que permiten al usuario navegar a trav\u00e9s de una p\u00e1gina web, plataforma o aplicaci\u00f3n y hacer uso de las diferentes opciones o servicios disponibles en la misma..<\/li>\n<li><strong>Personalizaci\u00f3n:<\/strong> Permiten aplicar caracter\u00edsticas propias para la navegaci\u00f3n del usuario por el sitio web (p. ej., idioma).<\/li>\n<li><strong>Obligatorias<\/strong>: Cookies estrictamente necesarias para prestar un servicio o contenido solicitado por el usuario. \u00c9stas se encargan de aspectos t\u00e9cnicos como identificar registros y gestionar preferencias de herramientas en el uso, interacci\u00f3n y localizaci\u00f3n del acceso a los contenidos.<\/li>\n<\/ul>\n<p>Los objetivos principales que se persiguen con este tipo de cookies son:<\/p>\n<ul>\n<li>Permitir la identificaci\u00f3n an\u00f3nima de los Usuarios navegantes y por lo tanto la contabilizaci\u00f3n aproximada del n\u00famero de visitantes.<\/li>\n<li><strong>Publicitarias<\/strong>: Estas cookies obtienen informaci\u00f3n de la navegaci\u00f3n del usuario para gestionar espacios publicitarios y ofrecer un contenido m\u00e1s relevante y de calidad para \u00e9l a partir de sus gustos.<\/li>\n<\/ul>\n<p><em>\u00abActualmente, no recogemos cookies publicitarias\u00bb<\/em><\/p>\n<p>Puede consultar o gestionar las cookies que actualmente se encuentran en el Sitio Web accediendo a \u201cConfigura las Cookies\u201d aqu\u00ed.<\/p>\n<p><strong>4.- \u00bfC\u00f3mo deshabilitar las cookies?<\/strong><\/p>\n<p>Aquellas cookies que no sean obligatorias para la navegaci\u00f3n del presente Sitio Web podr\u00e1n deshabilitarse en \u201c<\/p>\n<p>Estos ajustes se encuentran tambi\u00e9n en el pie de p\u00e1gina del Sitio Web.<\/p>\n<p>Adem\u00e1s, todos los navegadores permiten hacer cambios para desactivar la configuraci\u00f3n de las cookies. Estos ajustes se encuentran ubicados en las \u00abopciones\u00bb o \u00abpreferencias\u00bb del men\u00fa de su navegador.<\/p>\n<p>A continuaci\u00f3n, podr\u00e1 encontrar los links de cada navegador para deshabilitar las cookies siguiendo las instrucciones:<\/p>\n<p><strong>Internet Explorer<\/strong> (<a href=\"https:\/\/goo.gl\/iU2wh2\">https:\/\/goo.gl\/iU2wh2<\/a>)<\/p>\n<ul>\n<li>En el men\u00fa de herramientas, selecciones \u201cOpciones de Internet\u201d.<\/li>\n<li>Haga clic en la pesta\u00f1a de privacidad.<\/li>\n<li>Podr\u00e1 configurar la privacidad con un cursor con seis posiciones que le permite controlar la cantidad de cookies que se instalar\u00e1n: Bloquear todas las cookies, Alta, Media Alto, Media (nivel por defecto), Baja y Aceptar todas las cookies.<\/li>\n<\/ul>\n<p><strong>Mozilla Firefox<\/strong> (<a href=\"http:\/\/goo.gl\/QXWYmv\">http:\/\/goo.gl\/QXWYmv<\/a>)<\/p>\n<ul>\n<li>En la parte superior de la venta de Firefox hacer clic en el men\u00fa Herramientas.<\/li>\n<li>Seleccionar Opciones.<\/li>\n<li>Seleccionar el panel Privacidad.<\/li>\n<li>En la opci\u00f3n Firefox podr\u00e1 elegir Usar una configuraci\u00f3n personalizada de su historial, as\u00ed como otras cuestiones relacionadas con su Privacidad.<\/li>\n<\/ul>\n<p><strong>Google Chrome<\/strong> (<a href=\"http:\/\/goo.gl\/fQnkSB\">http:\/\/goo.gl\/fQnkSB<\/a>)<\/p>\n<ul>\n<li>Hacer clic en el men\u00fa situado en la barra de herramientas.<\/li>\n<li>Seleccionar Configuraci\u00f3n.<\/li>\n<li>Hacer clic en Mostar opciones avanzadas.<\/li>\n<li>En la selecci\u00f3n \u201cPrivacidad\u201d hacer clic en el bot\u00f3n Configuraci\u00f3n de contenido.<\/li>\n<li>En la selecci\u00f3n de Cookies, se pueden configurar las opciones.<\/li>\n<\/ul>\n<p><strong>Safari<\/strong> (<a href=\"https:\/\/goo.gl\/PCjEm3\">https:\/\/goo.gl\/PcjEm3<\/a>; <a href=\"https:\/\/goo.gl\/dQywEo)\">https:\/\/goo.gl\/dQywEo)<\/a><\/p>\n<ul>\n<li>En el men\u00fa de configuraci\u00f3n seleccione la opci\u00f3n de \u201cPreferencias\u201d.<\/li>\n<li>Abra la pesta\u00f1a de privacidad.<\/li>\n<li>Seleccione la opci\u00f3n que quiera de la secci\u00f3n de \u201cbloquear cookies\u201d.<\/li>\n<li>Recuerde que ciertas funciones y la plena funcionalidad del Sitio Web pueden no estar disponibles despu\u00e9s de deshabilitar las cookies.<\/li>\n<\/ul>\n<p>Si no desea ser rastreado por las cookies, Google ha desarrollado un complemento para instalar en su navegador al que puede acceder en el siguiente enlace: \u00a0<a href=\"http:\/\/goo.gl\/up4ND\">http:\/\/goo.gl\/up4ND<\/a>.<\/p>\n<p><strong>5.- Cookies en los dispositivos m\u00f3viles<\/strong><\/p>\n<p>El Sitio Web de FEDERACI\u00d3 tambi\u00e9n usa cookies u otros dispositivos de almacenamiento en dispositivos m\u00f3viles.<\/p>\n<p>Aquellas cookies que no sean obligatorias para la navegaci\u00f3n del presente Sitio Web podr\u00e1n deshabilitarse en el apartado \u201cConfigura las Cookies aqu\u00ed\u201d.<\/p>\n<p>Estos ajustes se encuentran tambi\u00e9n en el pie de p\u00e1gina del Sitio Web.<\/p>\n<p>Adem\u00e1s, al igual que sucede en los navegadores de ordenadores, los navegadores de los dispositivos m\u00f3viles permiten realizar cambios en las opciones o ajustes de privacidad para desactivar o eliminar las cookies.<\/p>\n<p>Si desea modificar las opciones de privacidad siga las instrucciones especificadas por el desarrollador de su navegador para dispositivo m\u00f3vil.<\/p>\n<p>A continuaci\u00f3n, podr\u00e1 encontrar algunos ejemplos de los links que le guiar\u00e1n para modificar las opciones de privacidad en su dispositivo m\u00f3vil:<\/p>\n<ul>\n<li><strong>IOS<\/strong>: (<a href=\"http:\/\/goo.gl\/61xevS\">http:\/\/goo.gl\/61xevS<\/a>)<\/li>\n<li><strong>Windows Phone<\/strong>: (<a href=\"https:\/\/goo.gl\/tKyb0y\">https:\/\/goo.gl\/tKyb0y<\/a>)<\/li>\n<li><strong>Chrome Mobile<\/strong>: (<a href=\"http:\/\/goo.gl\/XJp7N\">http:\/\/goo.gl\/XJp7N<\/a>)<\/li>\n<li><strong>Opera Mobile<\/strong>: (https:\/\/cutt.ly\/TF1Fly6)<\/li>\n<\/ul>\n<p><strong>6.- Aceptaci\u00f3n de cookies<\/strong><\/p>\n<p>El presente Sitio Web no instala nuestras cookies en los dispositivos de los usuarios hasta que estos hayan aceptado la instalaci\u00f3n de \u00e9stas.<\/p>\n<\/div>\n<\/div>\n<\/div>\n<div class=\"page\" title=\"Page 2\">\n<div class=\"layoutArea\">\n<div class=\"column\"><\/div>\n<\/div>\n<\/div>\n<\/div>\n<\/div>\n<\/div>\n<div class=\"page\" title=\"Page 4\">\n<div class=\"layoutArea\">\n<div class=\"column\"><\/div>\n<\/div>\n<\/div>\n<\/div><\/section><br \/>\n\n<style type=\"text\/css\" data-created_by=\"avia_inline_auto\" id=\"style-css-av-khg1dzeh-3111536c63c22e50e0a7155d654912f9\">\n#top .hr.hr-invisible.av-khg1dzeh-3111536c63c22e50e0a7155d654912f9{\nheight:25px;\n}\n<\/style>\n<div  class='hr av-khg1dzeh-3111536c63c22e50e0a7155d654912f9 hr-invisible  avia-builder-el-6  el_after_av_textblock  el_before_av_button '><span class='hr-inner '><span class=\"hr-inner-style\"><\/span><\/span><\/div><br \/>\n<div  class='avia-button-wrap av-khg1dafv-d527a43a8fe28e1687628ce743b1beac-wrap avia-button-center  avia-builder-el-7  el_after_av_hr  avia-builder-el-last '><a href=''  class='avia-button av-khg1dafv-d527a43a8fe28e1687628ce743b1beac av-link-btn avia-icon_select-yes-left-icon avia-size-large avia-position-center avia-color-theme-color'   aria-label=\"Tornar a la home\"><span class='avia_button_icon avia_button_icon_left avia-iconfont avia-font-entypo-fontello' data-av_icon='\ue830' data-av_iconfont='entypo-fontello' ><\/span><span class='avia_iconbox_title' >Tornar a la home<\/span><\/a><\/div><\/p><\/div>\n<style type=\"text\/css\" data-created_by=\"avia_inline_auto\" id=\"style-css-av-2ugz9g-efea51c492726d08093a5842adfc4923\">\n.flex_column.av-2ugz9g-efea51c492726d08093a5842adfc4923{\nborder-radius:0px 0px 0px 0px;\npadding:0px 0px 0px 0px;\n}\n<\/style>\n<div  class='flex_column av-2ugz9g-efea51c492726d08093a5842adfc4923 av_one_fifth  avia-builder-el-8  el_after_av_three_fifth  avia-builder-el-last  flex_column_div av-zero-column-padding  '     ><\/div>\n","protected":false},"excerpt":{"rendered":"","protected":false},"author":1,"featured_media":0,"parent":0,"menu_order":0,"comment_status":"closed","ping_status":"closed","template":"","meta":{"footnotes":""},"class_list":["post-3094","page","type-page","status-publish","hentry"],"_links":{"self":[{"href":"https:\/\/www.mutualitats.cat\/es\/wp-json\/wp\/v2\/pages\/3094","targetHints":{"allow":["GET"]}}],"collection":[{"href":"https:\/\/www.mutualitats.cat\/es\/wp-json\/wp\/v2\/pages"}],"about":[{"href":"https:\/\/www.mutualitats.cat\/es\/wp-json\/wp\/v2\/types\/page"}],"author":[{"embeddable":true,"href":"https:\/\/www.mutualitats.cat\/es\/wp-json\/wp\/v2\/users\/1"}],"replies":[{"embeddable":true,"href":"https:\/\/www.mutualitats.cat\/es\/wp-json\/wp\/v2\/comments?post=3094"}],"version-history":[{"count":0,"href":"https:\/\/www.mutualitats.cat\/es\/wp-json\/wp\/v2\/pages\/3094\/revisions"}],"wp:attachment":[{"href":"https:\/\/www.mutualitats.cat\/es\/wp-json\/wp\/v2\/media?parent=3094"}],"curies":[{"name":"wp","href":"https:\/\/api.w.org\/{rel}","templated":true}]}}