{"id":3083,"date":"2015-07-14T14:50:10","date_gmt":"2015-07-14T14:50:10","guid":{"rendered":"https:\/\/www2.mutualitats.cat\/home\/"},"modified":"2026-04-14T09:58:31","modified_gmt":"2026-04-14T09:58:31","slug":"home","status":"publish","type":"page","link":"https:\/\/www.mutualitats.cat\/es\/","title":{"rendered":"Home"},"content":{"rendered":"<div id='av_section_1'  class='avia-section av-2s8zrn-efe8b620bfe6ab31dc1e9839a1de35d1 main_color avia-section-large avia-no-border-styling  avia-builder-el-0  avia-builder-el-no-sibling  avia-bg-style-scroll av-minimum-height av-minimum-height-50 av-height-50  container_wrap fullsize'   data-av_minimum_height_pc='50' data-av_min_height_opt='50'><div class='container av-section-cont-open' ><main  role=\"main\" itemprop=\"mainContentOfPage\"  class='template-page content  av-content-full alpha units'><div class='post-entry post-entry-type-page post-entry-3083'><div class='entry-content-wrapper clearfix'>\n\n<style type=\"text\/css\" data-created_by=\"avia_inline_auto\" id=\"style-css-av-26iggz-d3d8677eef6183fd4953e0789cc0d8ef\">\n.flex_column.av-26iggz-d3d8677eef6183fd4953e0789cc0d8ef{\nborder-radius:0px 0px 0px 0px;\npadding:0px 2% 0px 0px;\n}\n<\/style>\n<div  class='flex_column av-26iggz-d3d8677eef6183fd4953e0789cc0d8ef av_one_fourth  avia-builder-el-1  el_before_av_one_half  avia-builder-el-first  first no_margin flex_column_div  '     ><section  class='av_textblock_section av-kgrx69dk-f21d6458f3808d30badc5fd1a9fa4d3a '   itemscope=\"itemscope\" itemtype=\"https:\/\/schema.org\/CreativeWork\" ><div class='avia_textblock suscripcio'  itemprop=\"text\" ><h3><span style=\"color: #ffffff; font-size: 17px; margin-bottom: 0px;\">SUSCR\u00cdBETE AL NOTICIARIO<\/span><\/h3>\n<hr \/>\n\n<div class=\"wpcf7 no-js\" id=\"wpcf7-f3115-o1\" lang=\"es-ES\" dir=\"ltr\" data-wpcf7-id=\"3115\">\n<div class=\"screen-reader-response\"><p role=\"status\" aria-live=\"polite\" aria-atomic=\"true\"><\/p> <ul><\/ul><\/div>\n<form action=\"\/es\/wp-json\/wp\/v2\/pages\/3083#wpcf7-f3115-o1\" method=\"post\" class=\"wpcf7-form init\" aria-label=\"Formulario de contacto\" novalidate=\"novalidate\" data-status=\"init\">\n<fieldset class=\"hidden-fields-container\"><input type=\"hidden\" name=\"_wpcf7\" value=\"3115\" \/><input type=\"hidden\" name=\"_wpcf7_version\" value=\"6.1.5\" \/><input type=\"hidden\" name=\"_wpcf7_locale\" value=\"es_ES\" \/><input type=\"hidden\" name=\"_wpcf7_unit_tag\" value=\"wpcf7-f3115-o1\" \/><input type=\"hidden\" name=\"_wpcf7_container_post\" value=\"0\" \/><input type=\"hidden\" name=\"_wpcf7_posted_data_hash\" value=\"\" \/>\n<\/fieldset>\n<p><label><span class=\"wpcf7-form-control-wrap\" data-name=\"text-414\"><input size=\"40\" maxlength=\"400\" class=\"wpcf7-form-control wpcf7-text wpcf7-validates-as-required\" aria-required=\"true\" aria-invalid=\"false\" value=\"Nombre\" type=\"text\" name=\"text-414\" \/><\/span><\/label><br \/>\n<label><span class=\"wpcf7-form-control-wrap\" data-name=\"email-924\"><input size=\"40\" maxlength=\"400\" class=\"wpcf7-form-control wpcf7-email wpcf7-validates-as-required wpcf7-text wpcf7-validates-as-email\" aria-required=\"true\" aria-invalid=\"false\" value=\"Email\" type=\"email\" name=\"email-924\" \/><\/span><\/label>\n<\/p>\n<p><input class=\"wpcf7-form-control wpcf7-submit has-spinner\" type=\"submit\" value=\"Enviar\" \/>\n<\/p>\n<p><label><span class=\"wpcf7-form-control-wrap\" data-name=\"checkbox-417\"><span class=\"wpcf7-form-control wpcf7-checkbox wpcf7-validates-as-required text-form\"><span class=\"wpcf7-list-item first last\"><label><input type=\"checkbox\" name=\"checkbox-417[]\" value=\"Acepto pol\u00edtica de privacidad\" \/><span class=\"wpcf7-list-item-label\">Acepto pol\u00edtica de privacidad<\/span><\/label><\/span><\/span><\/span> <span style= \"font-size:11px; color:#fff; line-height:8px;\"><br \/>\nA trav\u00e9s de este formulario trataremos tus datos para poder gestionar tu entrada en la comunidad FEDERACI\u00d3 y enviarte informaci\u00f3n que pueda ser de tu inter\u00e9s. Para m\u00e1s informaci\u00f3n, puedes acceder aqu\u00ed a nuestra <\/span><a style=\"color: #fff; font-size:11px; text-decoration: underline;\" href=\"https:\/\/www.mutualitats.cat\/es\/politica-de-privacidad\/\" target=\"_blank\" rel=\"noopener\">pol\u00edtica de privacidad.<\/a><\/label>\n<\/p><p style=\"display: none !important;\" class=\"akismet-fields-container\" data-prefix=\"_wpcf7_ak_\"><label>&#916;<textarea name=\"_wpcf7_ak_hp_textarea\" cols=\"45\" rows=\"8\" maxlength=\"100\"><\/textarea><\/label><input type=\"hidden\" id=\"ak_js_1\" name=\"_wpcf7_ak_js\" value=\"136\"\/><script>document.getElementById( \"ak_js_1\" ).setAttribute( \"value\", ( new Date() ).getTime() );<\/script><\/p><div class=\"wpcf7-response-output\" aria-hidden=\"true\"><\/div>\n<\/form>\n<\/div>\n\n<\/div><\/section><br \/>\n\n<style type=\"text\/css\" data-created_by=\"avia_inline_auto\" id=\"style-css-av-kghx09qa-2ca729a93e5b6ffcb2f06af8652d658e\">\n#top .hr.hr-invisible.av-kghx09qa-2ca729a93e5b6ffcb2f06af8652d658e{\nheight:20px;\n}\n<\/style>\n<div  class='hr av-kghx09qa-2ca729a93e5b6ffcb2f06af8652d658e hr-invisible  avia-builder-el-3  el_after_av_textblock  el_before_av_textblock '><span class='hr-inner '><span class=\"hr-inner-style\"><\/span><\/span><\/div><br \/>\n<section  class='av_textblock_section av-kgrx69dk-4-efc18a7cc23fac0ac306551ae99bf6de '   itemscope=\"itemscope\" itemtype=\"https:\/\/schema.org\/CreativeWork\" ><div class='avia_textblock campus'  itemprop=\"text\" ><h3><span style=\"color: #ffffff; font-size: 17px; margin-bottom: 0px;\">CAMPUS MUTUALITATS<\/span><\/h3>\n<hr \/>\n<h6><img loading=\"lazy\" decoding=\"async\" class=\"alignnone size-full wp-image-2901\" src=\"https:\/\/www.mutualitats.cat\/wp-content\/uploads\/2020\/11\/logo-lateral-1.png\" alt=\"\" width=\"237\" height=\"84\" \/><\/h6>\n<div  class='avia-button-wrap av-emtfn-84a415a1a88e71ec3e463edeae404f8a-wrap avia-button-left  avia-builder-el-5  avia-builder-el-no-sibling '>\n<style type=\"text\/css\" data-created_by=\"avia_inline_auto\" id=\"style-css-av-emtfn-84a415a1a88e71ec3e463edeae404f8a\">\n#top #wrap_all .avia-button.av-emtfn-84a415a1a88e71ec3e463edeae404f8a{\nbackground-color:#3a6a7b;\nborder-color:#3a6a7b;\ncolor:#ffffff;\ntransition:all 0.4s ease-in-out;\n}\n#top #wrap_all .avia-button.av-emtfn-84a415a1a88e71ec3e463edeae404f8a:hover{\nbackground-color:#125e7a;\ncolor:#ffffff;\ntransition:all 0.4s ease-in-out;\n}\n#top #wrap_all .avia-button.av-emtfn-84a415a1a88e71ec3e463edeae404f8a .avia-svg-icon svg:first-child{\nfill:#ffffff;\nstroke:#ffffff;\n}\n#top #wrap_all .avia-button.av-emtfn-84a415a1a88e71ec3e463edeae404f8a:hover .avia-svg-icon svg:first-child{\nfill:#ffffff;\nstroke:#ffffff;\n}\n<\/style>\n<a href='https:\/\/www.campusmutualitats.cat\/login\/index.php'  class='avia-button av-emtfn-84a415a1a88e71ec3e463edeae404f8a av-link-btn avia-icon_select-no avia-size-small avia-position-left'  target=\"_blank\"  rel=\"noopener noreferrer\"  aria-label=\"Ver m\u00e1s\"><span class='avia_iconbox_title' >Ver m\u00e1s<\/span><\/a><\/div>\n<\/div><\/section><br \/>\n\n<style type=\"text\/css\" data-created_by=\"avia_inline_auto\" id=\"style-css-av-kghx09qa-3-9fb425d77121db439febb77b3d912444\">\n#top .hr.hr-invisible.av-kghx09qa-3-9fb425d77121db439febb77b3d912444{\nheight:20px;\n}\n<\/style>\n<div  class='hr av-kghx09qa-3-9fb425d77121db439febb77b3d912444 hr-invisible  avia-builder-el-6  el_after_av_textblock  el_before_av_image '><span class='hr-inner '><span class=\"hr-inner-style\"><\/span><\/span><\/div><br \/>\n\n<style type=\"text\/css\" data-created_by=\"avia_inline_auto\" id=\"style-css-av-kheswdsx-5e3483031ed6ca2106b693d7806766ad\">\n.avia-image-container.av-kheswdsx-5e3483031ed6ca2106b693d7806766ad img.avia_image{\nbox-shadow:none;\n}\n.avia-image-container.av-kheswdsx-5e3483031ed6ca2106b693d7806766ad .av-image-caption-overlay-center{\ncolor:#ffffff;\nfont-size:25px;\n}\n<\/style>\n<div  class='avia-image-container av-kheswdsx-5e3483031ed6ca2106b693d7806766ad av-styling- av-img-linked avia-align-  avia-builder-el-7  el_after_av_hr  avia-builder-el-last '   itemprop=\"image\" itemscope=\"itemscope\" itemtype=\"https:\/\/schema.org\/ImageObject\" ><div class=\"avia-image-container-inner\"><div class=\"avia-image-overlay-wrap\"><a href=\"https:\/\/www.mutualitats.cat\/es\/125-anos\/\" class='avia_image '  aria-label='banner-descarrega-llibre-ESP'><img decoding=\"async\" fetchpriority=\"high\" class='wp-image-4215 avia-img-lazy-loading-not-4215 avia_image ' src=\"https:\/\/www.mutualitats.cat\/wp-content\/uploads\/2022\/07\/banner-descarrega-llibre-ESP.png\" alt='' title='banner-descarrega-llibre-ESP'  height=\"198\" width=\"650\"  itemprop=\"thumbnailUrl\" srcset=\"https:\/\/www.mutualitats.cat\/wp-content\/uploads\/2022\/07\/banner-descarrega-llibre-ESP.png 650w, https:\/\/www.mutualitats.cat\/wp-content\/uploads\/2022\/07\/banner-descarrega-llibre-ESP-300x91.png 300w\" sizes=\"(max-width: 650px) 100vw, 650px\" \/><\/a><\/div><\/div><\/div><\/p><\/div>\n<style type=\"text\/css\" data-created_by=\"avia_inline_auto\" id=\"style-css-av-26iggz-5-4447c190933a8a1a0b7a13039ab58a74\">\n.flex_column.av-26iggz-5-4447c190933a8a1a0b7a13039ab58a74{\nborder-radius:0px 0px 0px 0px;\npadding:0px 0px 0px 0px;\n}\n<\/style>\n<div  class='flex_column av-26iggz-5-4447c190933a8a1a0b7a13039ab58a74 av_one_half  avia-builder-el-8  el_after_av_one_fourth  el_before_av_one_fourth  border-right no_margin flex_column_div av-zero-column-padding  '     ><p>\n<style type=\"text\/css\" data-created_by=\"avia_inline_auto\" id=\"style-css-av-kheswdsx-2-54a0ce3946602c46dea9cd9deef5c0cc\">\n.avia-image-container.av-kheswdsx-2-54a0ce3946602c46dea9cd9deef5c0cc img.avia_image{\nbox-shadow:none;\n}\n.avia-image-container.av-kheswdsx-2-54a0ce3946602c46dea9cd9deef5c0cc .av-image-caption-overlay-center{\ncolor:#ffffff;\nfont-size:25px;\n}\n<\/style>\n<div  class='avia-image-container av-kheswdsx-2-54a0ce3946602c46dea9cd9deef5c0cc av-styling- avia-align-center  avia-builder-el-9  el_before_av_hr  avia-builder-el-first '   itemprop=\"image\" itemscope=\"itemscope\" itemtype=\"https:\/\/schema.org\/ImageObject\" ><div class=\"avia-image-container-inner\"><div class=\"avia-image-overlay-wrap\"><img decoding=\"async\" fetchpriority=\"high\" class='wp-image-6416 avia-img-lazy-loading-not-6416 avia_image ' src=\"https:\/\/www.mutualitats.cat\/wp-content\/uploads\/2025\/12\/HOME_FMC_cast.jpg\" alt='' title='HOME_FMC_cast'  height=\"1358\" width=\"1358\"  itemprop=\"thumbnailUrl\" srcset=\"https:\/\/www.mutualitats.cat\/wp-content\/uploads\/2025\/12\/HOME_FMC_cast.jpg 1358w, https:\/\/www.mutualitats.cat\/wp-content\/uploads\/2025\/12\/HOME_FMC_cast-300x300.jpg 300w, https:\/\/www.mutualitats.cat\/wp-content\/uploads\/2025\/12\/HOME_FMC_cast-1030x1030.jpg 1030w, https:\/\/www.mutualitats.cat\/wp-content\/uploads\/2025\/12\/HOME_FMC_cast-150x150.jpg 150w, https:\/\/www.mutualitats.cat\/wp-content\/uploads\/2025\/12\/HOME_FMC_cast-768x768.jpg 768w, https:\/\/www.mutualitats.cat\/wp-content\/uploads\/2025\/12\/HOME_FMC_cast-36x36.jpg 36w, https:\/\/www.mutualitats.cat\/wp-content\/uploads\/2025\/12\/HOME_FMC_cast-180x180.jpg 180w, https:\/\/www.mutualitats.cat\/wp-content\/uploads\/2025\/12\/HOME_FMC_cast-705x705.jpg 705w\" sizes=\"(max-width: 1358px) 100vw, 1358px\" \/><\/div><\/div><\/div><br \/>\n\n<style type=\"text\/css\" data-created_by=\"avia_inline_auto\" id=\"style-css-av-m23bmd89-ba36fb6ead73084fee7474729d12588a\">\n#top .hr.hr-invisible.av-m23bmd89-ba36fb6ead73084fee7474729d12588a{\nheight:10px;\n}\n<\/style>\n<div  class='hr av-m23bmd89-ba36fb6ead73084fee7474729d12588a hr-invisible  avia-builder-el-10  el_after_av_image  el_before_av_image '><span class='hr-inner '><span class=\"hr-inner-style\"><\/span><\/span><\/div><br \/>\n\n<style type=\"text\/css\" data-created_by=\"avia_inline_auto\" id=\"style-css-av-kheswdsx-1-c3d4e3b74f6cfde0d73399aab6ceef57\">\n.avia-image-container.av-kheswdsx-1-c3d4e3b74f6cfde0d73399aab6ceef57 img.avia_image{\nbox-shadow:none;\n}\n.avia-image-container.av-kheswdsx-1-c3d4e3b74f6cfde0d73399aab6ceef57 .av-image-caption-overlay-center{\ncolor:#ffffff;\nfont-size:25px;\n}\n<\/style>\n<div  class='avia-image-container av-kheswdsx-1-c3d4e3b74f6cfde0d73399aab6ceef57 av-styling- av-img-linked avia-align-  avia-builder-el-11  el_after_av_hr  avia-builder-el-last '   itemprop=\"image\" itemscope=\"itemscope\" itemtype=\"https:\/\/schema.org\/ImageObject\" ><div class=\"avia-image-container-inner\"><div class=\"avia-image-overlay-wrap\"><a href=\"https:\/\/fedmutualitats-my.sharepoint.com\/personal\/nduran_mutualitats_cat\/_layouts\/15\/onedrive.aspx?id=%2Fpersonal%2Fnduran%5Fmutualitats%5Fcat%2FDocuments%2FLLIBRE%20DIGITAL%2012%C2%AA%20TROBADA%20DE%20MUTUALITATS%2D2026%2D02%201ok%2Epdf&amp;parent=%2Fpersonal%2Fnduran%5Fmutualitats%5Fcat%2FDocuments&amp;ga=1\" class='avia_image '  target=\"_blank\"  rel=\"noopener noreferrer\" aria-label='BANNER-LLIBRE_esp'><img decoding=\"async\" fetchpriority=\"high\" class='wp-image-6590 avia-img-lazy-loading-not-6590 avia_image ' src=\"https:\/\/www.mutualitats.cat\/wp-content\/uploads\/2026\/04\/BANNER-LLIBRE_esp.jpg\" alt='' title='BANNER-LLIBRE_esp'  height=\"185\" width=\"768\"  itemprop=\"thumbnailUrl\" srcset=\"https:\/\/www.mutualitats.cat\/wp-content\/uploads\/2026\/04\/BANNER-LLIBRE_esp.jpg 768w, https:\/\/www.mutualitats.cat\/wp-content\/uploads\/2026\/04\/BANNER-LLIBRE_esp-300x72.jpg 300w, https:\/\/www.mutualitats.cat\/wp-content\/uploads\/2026\/04\/BANNER-LLIBRE_esp-705x170.jpg 705w\" sizes=\"(max-width: 768px) 100vw, 768px\" \/><\/a><\/div><\/div><\/div><\/p><\/div>\n<style type=\"text\/css\" data-created_by=\"avia_inline_auto\" id=\"style-css-av-1u7nvv-0df879dca8e319d3a342df1ee459b8fd\">\n.flex_column.av-1u7nvv-0df879dca8e319d3a342df1ee459b8fd{\nborder-radius:0px 0px 0px 0px;\npadding:0px 0px 0px 2%;\n}\n<\/style>\n<div  class='flex_column av-1u7nvv-0df879dca8e319d3a342df1ee459b8fd av_one_fourth  avia-builder-el-12  el_after_av_one_half  el_before_av_hr  no_margin flex_column_div  '     ><style type=\"text\/css\" data-created_by=\"avia_inline_auto\" id=\"style-css-av-kh68j73f-a80c616effa0471136bb70faac448d20\">\n#top .av_textblock_section.av-kh68j73f-a80c616effa0471136bb70faac448d20 .avia_textblock{\nfont-size:17px;\ncolor:#e05100;\n}\n<\/style>\n<section  class='av_textblock_section av-kh68j73f-a80c616effa0471136bb70faac448d20 '   itemscope=\"itemscope\" itemtype=\"https:\/\/schema.org\/CreativeWork\" ><div class='avia_textblock av_inherit_color'  itemprop=\"text\" ><h2><span style=\"font-size: 17px;\">NO TE LO PIERDAS<\/span><\/h2>\n<\/div><\/section><br \/>\n\n<style type=\"text\/css\" data-created_by=\"avia_inline_auto\" id=\"style-css-av-kherm4ye-bef54b1b1d498a72c8d4e42fd6303e9f\">\n#top .hr.av-kherm4ye-bef54b1b1d498a72c8d4e42fd6303e9f{\nmargin-top:-20px;\nmargin-bottom:15px;\n}\n.hr.av-kherm4ye-bef54b1b1d498a72c8d4e42fd6303e9f .hr-inner{\nwidth:100%;\nborder-color:#e05100;\n}\n<\/style>\n<div  class='hr av-kherm4ye-bef54b1b1d498a72c8d4e42fd6303e9f hr-custom  avia-builder-el-14  el_after_av_textblock  el_before_av_magazine  hr-center hr-icon-no'><span class='hr-inner inner-border-av-border-thin'><span class=\"hr-inner-style\"><\/span><\/span><\/div><br \/>\n<div  id=\"avia-magazine-1\"  class='av-magazine av-m5v26l9u-b9ea9e08439eadcb63162d042831cd1c  avia-builder-el-15  el_after_av_hr  avia-builder-el-last   avia-builder-el-15  el_after_av_hr  avia-builder-el-last ' ><div class='av-magazine-group sort_all'><article class='av-magazine-entry av-magazine-entry-id-6606 av-magazine-format-standard av-magazine-type-post av-magazine-entry-1 av-magazine-entry-small '  itemscope=\"itemscope\" itemtype=\"https:\/\/schema.org\/CreativeWork\" ><div class=\"av-magazine-thumbnail\"><a href='https:\/\/www.mutualitats.cat\/es\/la-fuerza-de-federarse-cooperar-para-proteger-mejor\/' title='Enlace a: La fuerza de federarse: cooperar para proteger mejor' class='av-magazine-thumbnail-link'><img decoding=\"async\" fetchpriority=\"high\" width=\"150\" height=\"150\" src=\"https:\/\/www.mutualitats.cat\/wp-content\/uploads\/2026\/04\/Article_09_FCM_CAST_BLOG-1-150x150.jpg\" class=\"wp-image-6623 avia-img-lazy-loading-not-6623 attachment-thumbnail size-thumbnail wp-post-image\" alt=\"\" srcset=\"https:\/\/www.mutualitats.cat\/wp-content\/uploads\/2026\/04\/Article_09_FCM_CAST_BLOG-1-150x150.jpg 150w, https:\/\/www.mutualitats.cat\/wp-content\/uploads\/2026\/04\/Article_09_FCM_CAST_BLOG-1-36x36.jpg 36w, https:\/\/www.mutualitats.cat\/wp-content\/uploads\/2026\/04\/Article_09_FCM_CAST_BLOG-1-180x180.jpg 180w\" sizes=\"(max-width: 150px) 100vw, 150px\" \/><\/a><\/div><div class=\"av-magazine-content-wrap\"><header class=\"entry-content-header\" aria-label=\"Post: La fuerza de federarse: cooperar para proteger mejor\"><time class='av-magazine-time updated'  itemprop=\"datePublished\" datetime=\"2026-04-15T08:00:00+00:00\" >15 de abril de 2026<\/time><h3 class='av-magazine-title entry-title '  itemprop=\"headline\" ><a href='https:\/\/www.mutualitats.cat\/es\/la-fuerza-de-federarse-cooperar-para-proteger-mejor\/' title='Enlace a: La fuerza de federarse: cooperar para proteger mejor'>La fuerza de federarse: cooperar para proteger mejor<\/a><\/h3><\/header><\/div><footer class=\"entry-footer\"><\/footer><\/article><article class='av-magazine-entry av-magazine-entry-id-6570 av-magazine-format-standard av-magazine-type-post av-magazine-entry-2 av-magazine-entry-small '  itemscope=\"itemscope\" itemtype=\"https:\/\/schema.org\/CreativeWork\" ><div class=\"av-magazine-thumbnail\"><a href='https:\/\/www.mutualitats.cat\/es\/mutualismo-y-sociedad-a-finales-del-siglo-xix\/' title='Enlace a: Mutualismo y sociedad a finales del siglo XIX' class='av-magazine-thumbnail-link'><img decoding=\"async\" fetchpriority=\"high\" width=\"150\" height=\"150\" src=\"https:\/\/www.mutualitats.cat\/wp-content\/uploads\/2026\/04\/Linkedin_POST_08-2_Mesa-de-trabajo-1-copia-150x150.jpg\" class=\"wp-image-6576 avia-img-lazy-loading-not-6576 attachment-thumbnail size-thumbnail wp-post-image\" alt=\"\" srcset=\"https:\/\/www.mutualitats.cat\/wp-content\/uploads\/2026\/04\/Linkedin_POST_08-2_Mesa-de-trabajo-1-copia-150x150.jpg 150w, https:\/\/www.mutualitats.cat\/wp-content\/uploads\/2026\/04\/Linkedin_POST_08-2_Mesa-de-trabajo-1-copia-36x36.jpg 36w, https:\/\/www.mutualitats.cat\/wp-content\/uploads\/2026\/04\/Linkedin_POST_08-2_Mesa-de-trabajo-1-copia-180x180.jpg 180w\" sizes=\"(max-width: 150px) 100vw, 150px\" \/><\/a><\/div><div class=\"av-magazine-content-wrap\"><header class=\"entry-content-header\" aria-label=\"Post: Mutualismo y sociedad a finales del siglo XIX\"><time class='av-magazine-time updated'  itemprop=\"datePublished\" datetime=\"2026-04-09T08:52:35+00:00\" >9 de abril de 2026<\/time><h3 class='av-magazine-title entry-title '  itemprop=\"headline\" ><a href='https:\/\/www.mutualitats.cat\/es\/mutualismo-y-sociedad-a-finales-del-siglo-xix\/' title='Enlace a: Mutualismo y sociedad a finales del siglo XIX'>Mutualismo y sociedad a finales del siglo XIX<\/a><\/h3><\/header><\/div><footer class=\"entry-footer\"><\/footer><\/article><article class='av-magazine-entry av-magazine-entry-id-6561 av-magazine-format-standard av-magazine-type-post av-magazine-entry-3 av-magazine-entry-small '  itemscope=\"itemscope\" itemtype=\"https:\/\/schema.org\/CreativeWork\" ><div class=\"av-magazine-thumbnail\"><a href='https:\/\/www.mutualitats.cat\/es\/mutualisme-societat-finals-segle-xix\/' title='Enlace a: Mutualisme i societat a finals del segle XIX' class='av-magazine-thumbnail-link'><img decoding=\"async\" fetchpriority=\"high\" width=\"150\" height=\"150\" src=\"https:\/\/www.mutualitats.cat\/wp-content\/uploads\/2026\/04\/Linkedin_POST_08-2_Mesa-de-trabajo-1-copia-2-150x150.jpg\" class=\"wp-image-6575 avia-img-lazy-loading-not-6575 attachment-thumbnail size-thumbnail wp-post-image\" alt=\"\" srcset=\"https:\/\/www.mutualitats.cat\/wp-content\/uploads\/2026\/04\/Linkedin_POST_08-2_Mesa-de-trabajo-1-copia-2-150x150.jpg 150w, https:\/\/www.mutualitats.cat\/wp-content\/uploads\/2026\/04\/Linkedin_POST_08-2_Mesa-de-trabajo-1-copia-2-36x36.jpg 36w, https:\/\/www.mutualitats.cat\/wp-content\/uploads\/2026\/04\/Linkedin_POST_08-2_Mesa-de-trabajo-1-copia-2-180x180.jpg 180w\" sizes=\"(max-width: 150px) 100vw, 150px\" \/><\/a><\/div><div class=\"av-magazine-content-wrap\"><header class=\"entry-content-header\" aria-label=\"Post: Mutualisme i societat a finals del segle XIX\"><time class='av-magazine-time updated'  itemprop=\"datePublished\" datetime=\"2026-04-09T08:41:08+00:00\" >9 de abril de 2026<\/time><h3 class='av-magazine-title entry-title '  itemprop=\"headline\" ><a href='https:\/\/www.mutualitats.cat\/es\/mutualisme-societat-finals-segle-xix\/' title='Enlace a: Mutualisme i societat a finals del segle XIX'>Mutualisme i societat a finals del segle XIX<\/a><\/h3><\/header><\/div><footer class=\"entry-footer\"><\/footer><\/article><article class='av-magazine-entry av-magazine-entry-id-6555 av-magazine-format-standard av-magazine-type-post av-magazine-entry-4 av-magazine-entry-small '  itemscope=\"itemscope\" itemtype=\"https:\/\/schema.org\/CreativeWork\" ><div class=\"av-magazine-thumbnail\"><a href='https:\/\/www.mutualitats.cat\/es\/1896-el-nacimiento-de-una-arquitectura-de-proteccion\/' title='Enlace a: 1896: el nacimiento de una arquitectura de protecci\u00f3n' class='av-magazine-thumbnail-link'><img decoding=\"async\" fetchpriority=\"high\" width=\"150\" height=\"150\" src=\"https:\/\/www.mutualitats.cat\/wp-content\/uploads\/2026\/04\/Linkedin_POST_07_CAST-150x150.jpg\" class=\"wp-image-6562 avia-img-lazy-loading-not-6562 attachment-thumbnail size-thumbnail wp-post-image\" alt=\"\" srcset=\"https:\/\/www.mutualitats.cat\/wp-content\/uploads\/2026\/04\/Linkedin_POST_07_CAST-150x150.jpg 150w, https:\/\/www.mutualitats.cat\/wp-content\/uploads\/2026\/04\/Linkedin_POST_07_CAST-36x36.jpg 36w, https:\/\/www.mutualitats.cat\/wp-content\/uploads\/2026\/04\/Linkedin_POST_07_CAST-180x180.jpg 180w\" sizes=\"(max-width: 150px) 100vw, 150px\" \/><\/a><\/div><div class=\"av-magazine-content-wrap\"><header class=\"entry-content-header\" aria-label=\"Post: 1896: el nacimiento de una arquitectura de protecci\u00f3n\"><time class='av-magazine-time updated'  itemprop=\"datePublished\" datetime=\"2026-04-09T07:50:40+00:00\" >9 de abril de 2026<\/time><h3 class='av-magazine-title entry-title '  itemprop=\"headline\" ><a href='https:\/\/www.mutualitats.cat\/es\/1896-el-nacimiento-de-una-arquitectura-de-proteccion\/' title='Enlace a: 1896: el nacimiento de una arquitectura de protecci\u00f3n'>1896: el nacimiento de una arquitectura de protecci\u00f3n<\/a><\/h3><\/header><\/div><footer class=\"entry-footer\"><\/footer><\/article><article class='av-magazine-entry av-magazine-entry-id-6502 av-magazine-format-standard av-magazine-type-post av-magazine-entry-5 av-magazine-entry-small '  itemscope=\"itemscope\" itemtype=\"https:\/\/schema.org\/CreativeWork\" ><div class=\"av-magazine-thumbnail\"><a href='https:\/\/www.mutualitats.cat\/es\/una-arquitectura-de-proteccion-130-anos-de-la-federacion-de-mutualidades-de-cataluna\/' title='Enlace a: Una arquitectura de protecci\u00f3n: 130 a\u00f1os de la Federaci\u00f3n de Mutualidades de Catalu\u00f1a' class='av-magazine-thumbnail-link'><img decoding=\"async\" fetchpriority=\"high\" width=\"150\" height=\"150\" src=\"https:\/\/www.mutualitats.cat\/wp-content\/uploads\/2026\/01\/1773231541322-150x150.jpeg\" class=\"wp-image-6500 avia-img-lazy-loading-not-6500 attachment-thumbnail size-thumbnail wp-post-image\" alt=\"\" srcset=\"https:\/\/www.mutualitats.cat\/wp-content\/uploads\/2026\/01\/1773231541322-150x150.jpeg 150w, https:\/\/www.mutualitats.cat\/wp-content\/uploads\/2026\/01\/1773231541322-36x36.jpeg 36w, https:\/\/www.mutualitats.cat\/wp-content\/uploads\/2026\/01\/1773231541322-180x180.jpeg 180w\" sizes=\"(max-width: 150px) 100vw, 150px\" \/><\/a><\/div><div class=\"av-magazine-content-wrap\"><header class=\"entry-content-header\" aria-label=\"Post: Una arquitectura de protecci\u00f3n: 130 a\u00f1os de la Federaci\u00f3n de Mutualidades de Catalu\u00f1a\"><time class='av-magazine-time updated'  itemprop=\"datePublished\" datetime=\"2026-03-12T15:11:07+00:00\" >12 de marzo de 2026<\/time><h3 class='av-magazine-title entry-title '  itemprop=\"headline\" ><a href='https:\/\/www.mutualitats.cat\/es\/una-arquitectura-de-proteccion-130-anos-de-la-federacion-de-mutualidades-de-cataluna\/' title='Enlace a: Una arquitectura de protecci\u00f3n: 130 a\u00f1os de la Federaci\u00f3n de Mutualidades de Catalu\u00f1a'>Una arquitectura de protecci\u00f3n: 130 a\u00f1os de la Federaci\u00f3n de Mutualidades de Catalu\u00f1a<\/a><\/h3><\/header><\/div><footer class=\"entry-footer\"><\/footer><\/article><\/div><\/div><\/p><\/div>\n<style type=\"text\/css\" data-created_by=\"avia_inline_auto\" id=\"style-css-av-kghv8h2o-c356b6c6ba8f432388a1cb1b8f177f4e\">\n#top .hr.hr-invisible.av-kghv8h2o-c356b6c6ba8f432388a1cb1b8f177f4e{\nheight:10px;\n}\n<\/style>\n<div  class='hr av-kghv8h2o-c356b6c6ba8f432388a1cb1b8f177f4e hr-invisible  avia-builder-el-16  el_after_av_one_fourth  avia-builder-el-last '><span class='hr-inner '><span class=\"hr-inner-style\"><\/span><\/span><\/div>\n\n","protected":false},"excerpt":{"rendered":"","protected":false},"author":1,"featured_media":0,"parent":0,"menu_order":0,"comment_status":"open","ping_status":"closed","template":"","meta":{"footnotes":""},"class_list":["post-3083","page","type-page","status-publish","hentry"],"_links":{"self":[{"href":"https:\/\/www.mutualitats.cat\/es\/wp-json\/wp\/v2\/pages\/3083","targetHints":{"allow":["GET"]}}],"collection":[{"href":"https:\/\/www.mutualitats.cat\/es\/wp-json\/wp\/v2\/pages"}],"about":[{"href":"https:\/\/www.mutualitats.cat\/es\/wp-json\/wp\/v2\/types\/page"}],"author":[{"embeddable":true,"href":"https:\/\/www.mutualitats.cat\/es\/wp-json\/wp\/v2\/users\/1"}],"replies":[{"embeddable":true,"href":"https:\/\/www.mutualitats.cat\/es\/wp-json\/wp\/v2\/comments?post=3083"}],"version-history":[{"count":20,"href":"https:\/\/www.mutualitats.cat\/es\/wp-json\/wp\/v2\/pages\/3083\/revisions"}],"predecessor-version":[{"id":6618,"href":"https:\/\/www.mutualitats.cat\/es\/wp-json\/wp\/v2\/pages\/3083\/revisions\/6618"}],"wp:attachment":[{"href":"https:\/\/www.mutualitats.cat\/es\/wp-json\/wp\/v2\/media?parent=3083"}],"curies":[{"name":"wp","href":"https:\/\/api.w.org\/{rel}","templated":true}]}}