{"id":3072,"date":"2020-10-27T16:27:24","date_gmt":"2020-10-27T16:27:24","guid":{"rendered":"https:\/\/www2.mutualitats.cat\/enllacos-dinteres\/"},"modified":"2020-11-19T16:14:27","modified_gmt":"2020-11-19T16:14:27","slug":"enlaces-de-interes","status":"publish","type":"page","link":"https:\/\/www.mutualitats.cat\/es\/enlaces-de-interes\/","title":{"rendered":"Enlaces de inter\u00e9s"},"content":{"rendered":"\n<style type=\"text\/css\" data-created_by=\"avia_inline_auto\" id=\"style-css-av-6zah5f-248de0009d8ef0fddbe4e6068dd85989\">\n.flex_column.av-6zah5f-248de0009d8ef0fddbe4e6068dd85989{\nborder-radius:0px 0px 0px 0px;\npadding:0px 0px 0px 0px;\n}\n<\/style>\n<div  class='flex_column av-6zah5f-248de0009d8ef0fddbe4e6068dd85989 av_one_half  avia-builder-el-0  el_before_av_one_half  avia-builder-el-first  first flex_column_div av-zero-column-padding  '     ><style type=\"text\/css\" data-created_by=\"avia_inline_auto\" id=\"style-css-av-kh66ueuc-c2307dbdf08c7c9db116b698a715a9f8\">\n.avia-image-container.av-kh66ueuc-c2307dbdf08c7c9db116b698a715a9f8 img.avia_image{\nbox-shadow:none;\n}\n.avia-image-container.av-kh66ueuc-c2307dbdf08c7c9db116b698a715a9f8 .av-image-caption-overlay-center{\ncolor:#ffffff;\n}\n<\/style>\n<div  class='avia-image-container av-kh66ueuc-c2307dbdf08c7c9db116b698a715a9f8 av-styling- avia-align-center  avia-builder-el-1  avia-builder-el-no-sibling '   itemprop=\"image\" itemscope=\"itemscope\" itemtype=\"https:\/\/schema.org\/ImageObject\" ><div class=\"avia-image-container-inner\"><div class=\"avia-image-overlay-wrap\"><img decoding=\"async\" fetchpriority=\"high\" class='wp-image-2629 avia-img-lazy-loading-not-2629 avia_image ' src=\"https:\/\/www.mutualitats.cat\/wp-content\/uploads\/2020\/11\/links-banner.jpg\" alt='' title='links-banner'  height=\"986\" width=\"710\"  itemprop=\"thumbnailUrl\" srcset=\"https:\/\/www.mutualitats.cat\/wp-content\/uploads\/2020\/11\/links-banner.jpg 710w, https:\/\/www.mutualitats.cat\/wp-content\/uploads\/2020\/11\/links-banner-216x300.jpg 216w, https:\/\/www.mutualitats.cat\/wp-content\/uploads\/2020\/11\/links-banner-508x705.jpg 508w\" sizes=\"(max-width: 710px) 100vw, 710px\" \/><\/div><\/div><\/div><\/div>\n\n<style type=\"text\/css\" data-created_by=\"avia_inline_auto\" id=\"style-css-av-9bf0xf-70103652e041219151428c836a54a50f\">\n.flex_column.av-9bf0xf-70103652e041219151428c836a54a50f{\nborder-radius:0px 0px 0px 0px;\npadding:0px 0px 0px 0px;\n}\n<\/style>\n<div  class='flex_column av-9bf0xf-70103652e041219151428c836a54a50f av_one_half  avia-builder-el-2  el_after_av_one_half  avia-builder-el-last  flex_column_div av-zero-column-padding  '     ><style type=\"text\/css\" data-created_by=\"avia_inline_auto\" id=\"style-css-av-kgs48dvk-a057bcafc546ea003f38978bad572676\">\n#top .av_textblock_section.av-kgs48dvk-a057bcafc546ea003f38978bad572676 .avia_textblock{\nfont-size:30px;\ncolor:#e05100;\n}\n<\/style>\n<section  class='av_textblock_section av-kgs48dvk-a057bcafc546ea003f38978bad572676 '   itemscope=\"itemscope\" itemtype=\"https:\/\/schema.org\/CreativeWork\" ><div class='avia_textblock titular-qui-som av_inherit_color'  itemprop=\"text\" ><h2 style=\"text-align: left;\"><span style=\"line-height: 32px;\"><strong>Enlaces de inter\u00e9s<\/strong><\/span><\/h2>\n<\/div><\/section><br \/>\n\n<style type=\"text\/css\" data-created_by=\"avia_inline_auto\" id=\"style-css-av-kh66vqk5-f84a572ef379bf76054dc645abb21288\">\n#top .hr.hr-invisible.av-kh66vqk5-f84a572ef379bf76054dc645abb21288{\nheight:10px;\n}\n<\/style>\n<div  class='hr av-kh66vqk5-f84a572ef379bf76054dc645abb21288 hr-invisible  avia-builder-el-4  el_after_av_textblock  el_before_av_textblock '><span class='hr-inner '><span class=\"hr-inner-style\"><\/span><\/span><\/div><br \/>\n\n<style type=\"text\/css\" data-created_by=\"avia_inline_auto\" id=\"style-css-av-kgs3p0ji-fff7b7771a47a552d6c7c9346c552c2e\">\n#top .av_textblock_section.av-kgs3p0ji-fff7b7771a47a552d6c7c9346c552c2e .avia_textblock{\nfont-size:13px;\n}\n<\/style>\n<section  class='av_textblock_section av-kgs3p0ji-fff7b7771a47a552d6c7c9346c552c2e '   itemscope=\"itemscope\" itemtype=\"https:\/\/schema.org\/CreativeWork\" ><div class='avia_textblock'  itemprop=\"text\" ><p style=\"text-align: left;\"><strong>Associaci\u00f3n Europea de Institucions Paritarias<\/strong><br \/>\n<a href=\"http:\/\/www.aeip.net\" target=\"_blank\" rel=\"noopener noreferrer\">www.aeip.net<\/a><\/p>\n<p style=\"text-align: left;\"><strong>Association Internationale de la Mutualit\u00e9 (AIM)<\/strong><br \/>\n<a href=\"http:\/\/www.aim-mutual.org\/\" target=\"_blank\" rel=\"noopener noreferrer\">www.aim-mutual.org<\/a><\/p>\n<p style=\"text-align: left;\"><strong>Association Internationale des Soci\u00e9t\u00e9s d&#8217;Assurance Mutuelle (AISAM)<\/strong><br \/>\n<a href=\"http:\/\/www.aisam.org\" target=\"_blank\" rel=\"noopener noreferrer\">www.aisam.org<\/a><\/p>\n<p style=\"text-align: left;\"><strong>Association of Mutual Insurers and Insurance Cooperatives in Europe (AMICE)<\/strong><br \/>\n<a href=\"http:\/\/www.amice.eu.org\" target=\"_blank\" rel=\"noopener noreferrer\">www.amice.eu.org<\/a><\/p>\n<p style=\"text-align: left;\"><strong>Bolet\u00edn Oficial del estado (BOE)<\/strong><br \/>\n<a href=\"http:\/\/www.boe.es\" target=\"_blank\" rel=\"noopener noreferrer\">www.boe.es<\/a><\/p>\n<p style=\"text-align: left;\"><strong>Committee of European Insurance and Occupational Pensions Supervisors (CEIOPS)<\/strong><br \/>\n<a href=\"http:\/\/www.ceiops.org\" target=\"_blank\" rel=\"noopener noreferrer\">www.ceiops.org<\/a><\/p>\n<p style=\"text-align: left;\"><strong>Confederaci\u00f3n Empresarial Espa\u00f1ola de la Econom\u00eda Social (CEPES)<\/strong><br \/>\n<a href=\"http:\/\/www.cepes.es\" target=\"_blank\" rel=\"noopener noreferrer\">www.cepes.es<\/a><\/p>\n<p style=\"text-align: left;\"><strong>Departamento de Salud<\/strong><br \/>\n<a href=\"http:\/\/www.gencat.cat\/salut\" target=\"_blank\" rel=\"noopener noreferrer\">www.gencat.cat\/salut<\/a><\/p>\n<p style=\"text-align: left;\"><strong>Departamento de Econom\u00eda y Finanzas de la Generalitat de Catalunya<\/strong><br \/>\n<a href=\"http:\/\/www.gencat.cat\/economia\" target=\"_blank\" rel=\"noopener noreferrer\">www.gencat.cat\/economia<\/a><\/p>\n<p style=\"text-align: left;\"><strong>Diari Oficial de la Generalitat de Catalunya (DOGC)<\/strong><br \/>\n<a href=\"http:\/\/www.gencat.net\/diari\" target=\"_blank\" rel=\"noopener noreferrer\">www.gencat.net\/diari<\/a><\/p>\n<p style=\"text-align: left;\"><strong>Direcci\u00f3n General de Seguros y Fondos de Pensiones del Ministerio de Econom\u00eda<\/strong><br \/>\n<a href=\"http:\/\/www.dgsfp.mineco.es\" target=\"_blank\" rel=\"noopener noreferrer\">www.dgsfp.mineco.es<\/a><\/p>\n<p style=\"text-align: left;\"><strong>Federaci\u00f3n Europea por la Provisi\u00f3n de Pensiones de Jubilaci\u00f3n (EFRP)<\/strong><br \/>\n<a href=\"http:\/\/www.efrp.org\" target=\"_blank\" rel=\"noopener noreferrer\">www.efrp.org<\/a><\/p>\n<p style=\"text-align: left;\"><strong>Federaci\u00f3n de Entidades de Previsi\u00f3n Social Voluntarias de Euskadi<\/strong><br \/>\n<a href=\"http:\/\/www.epsv.org\" target=\"_blank\" rel=\"noopener noreferrer\">http:\/\/www.epsv.org<\/a><\/p>\n<p style=\"text-align: left;\"><strong>Ministerio de Trabajo y Asuntos Sociales<\/strong><br \/>\n<a href=\"http:\/\/www.mtas.es\" target=\"_blank\" rel=\"noopener noreferrer\">http:\/\/www.mtas.es<\/a><\/p>\n<p style=\"text-align: left;\"><strong>UNESPA<\/strong><br \/>\n<a href=\"http:\/\/www.unespa.es\" target=\"_blank\" rel=\"noopener noreferrer\">http:\/\/www.unespa.es<\/a><\/p>\n<p style=\"text-align: left;\"><strong>Uni\u00f3 Europea<\/strong><br \/>\n<a href=\"http:\/\/www.europa.eu.int\" target=\"_blank\" rel=\"noopener noreferrer\">http:\/\/www.europa.eu.int<\/a><\/p>\n<\/div><\/section><\/p><\/div>\n","protected":false},"excerpt":{"rendered":"","protected":false},"author":1,"featured_media":0,"parent":0,"menu_order":0,"comment_status":"closed","ping_status":"closed","template":"","meta":{"footnotes":""},"class_list":["post-3072","page","type-page","status-publish","hentry"],"_links":{"self":[{"href":"https:\/\/www.mutualitats.cat\/es\/wp-json\/wp\/v2\/pages\/3072","targetHints":{"allow":["GET"]}}],"collection":[{"href":"https:\/\/www.mutualitats.cat\/es\/wp-json\/wp\/v2\/pages"}],"about":[{"href":"https:\/\/www.mutualitats.cat\/es\/wp-json\/wp\/v2\/types\/page"}],"author":[{"embeddable":true,"href":"https:\/\/www.mutualitats.cat\/es\/wp-json\/wp\/v2\/users\/1"}],"replies":[{"embeddable":true,"href":"https:\/\/www.mutualitats.cat\/es\/wp-json\/wp\/v2\/comments?post=3072"}],"version-history":[{"count":0,"href":"https:\/\/www.mutualitats.cat\/es\/wp-json\/wp\/v2\/pages\/3072\/revisions"}],"wp:attachment":[{"href":"https:\/\/www.mutualitats.cat\/es\/wp-json\/wp\/v2\/media?parent=3072"}],"curies":[{"name":"wp","href":"https:\/\/api.w.org\/{rel}","templated":true}]}}